{"id":306,"date":"2023-04-03T19:30:58","date_gmt":"2023-04-03T17:30:58","guid":{"rendered":"https:\/\/conscapodistria.esteri.it\/servizi-consolari-e-visti\/servizi-per-il-cittadino-straniero\/cittadinanza\/"},"modified":"2025-07-15T11:37:23","modified_gmt":"2025-07-15T09:37:23","slug":"cittadinanza","status":"publish","type":"page","link":"https:\/\/conscapodistria.esteri.it\/sl\/servizi-consolari-e-visti\/servizi-per-il-cittadino-straniero\/cittadinanza\/","title":{"rendered":"Italijansko dr\u017eavljanstvo"},"content":{"rendered":"<p style=\"text-align: justify;\">Uredba z zakonsko mo\u010djo \u0161t. 36 z dne 28. 3. 2025 je bila s spremembami preoblikovana v Zakon \u0161t. 74 z dne 23. 5. 2025 (v veljavi od 24. 5. 2025), ta pa prina\u0161a pomembno reformo Zakona \u0161t. 91 z dne 5. 2. 1992 in dolo\u010db o italijanskem dr\u017eavljanstvu.<\/p>\n<p style=\"text-align: justify;\"><span style=\"color: #333399;\">Posodobljena vsebina zakona \u0161t. 91\/1992 je dostopno <a style=\"color: #333399;\" href=\"https:\/\/www.normattiva.it\/uri-res\/N2Ls?urn:nir:stato:legge:1992-02-05;91!vig\">na naslednji povezavi<\/a> (v italijanskem jeziku).<\/span><\/p>\n<p style=\"text-align: justify;\">Glavna novost je \u010dlen 3-bis, ki uvaja spremembe \u0161tevilnih predhodnih dolo\u010db (med katerimi so tudi dolo\u010dbe Zakona \u0161t. 91\/1992, Zakona \u0161t. 123 z dne 21. 4. 1983, Zakona \u0161t. 555 z dne 13. 6. 1912 in Civilnega zakonika iz leta 1865).\u00a0Nov \u010dlen dolo\u010da, da italijanskega dr\u017eavljanstva ni mo\u017eno pridobiti, \u010de:<br \/>\n&#8211; je oseba bila rojena v tujini (tudi pred za\u010detkom veljavnosti novega \u010dlena);<br \/>\n&#8211; ima oseba drugo dr\u017eavljanstvo;<\/p>\n<p style=\"text-align: justify; padding-left: 40px;\"><em>razen, \u010de uveljavlja eno izmed naslednjih izjem:<\/em><\/p>\n<p style=\"text-align: justify;\">a) vlo\u017ei uradno zahtevo za priznanje dr\u017eavljanstva, s popolno dokumentacijo, do 27. 3. 2025 do 23.59 (po rimskem \u010dasu), na konzularno predstavni\u0161tvo ali na urad \u017eupana krajevno pristojne ob\u010dine;<br \/>\na-bis) vlo\u017ei zahtevo s popolno dokumentacijo na dolo\u010den datum, ki je bil sporo\u010den do 27. 3.a 2025 do 23.59;<br \/>\nb) zadeva &#8211; zahteva za priznanje italijanskega dr\u017eavljanstva je bila obravnavana &#8211; dokument o za\u010detku postopka je bil vlo\u017een pred 27. 3. 2025 do 23:59, v skladu s takrat veljavno zakonodajo;<br \/>\nc) prednik v prvem ali drugem kolenu ima (ali je imel ob smrti) izklju\u010dno italijansko dr\u017eavljanstvo;<br \/>\nd) eden od star\u0161ev ali posvojiteljev je vsaj dve zaporedni leti po pridobitvi italijanskega dr\u017eavljanstva in pred rojstvom ali posvojitvijo otroka prebival v Italiji.<\/p>\n<p style=\"text-align: justify;\"><span style=\"color: #333399;\">Primeri, v katerih se pravica do italijanskega dr\u017eavljanstva prizna po na\u010delu<em> iure sanguinis<\/em> (pridobitev dr\u017eavljanstva po rodu ob rojstvu)<\/span><\/p>\n<p style=\"text-align: justify;\">Na podlagi novih zakonskih predpisov, imajo pravico do priznanja italijanskega dr\u017eavljanstva po na\u010delu <em>iure sanguinis<\/em> osebe, ki:<br \/>\n&#8211; so se kadarkoli rodile v Italiji;<br \/>\n&#8211; imajo izklju\u010dno italijansko dr\u017eavljanstvo, brez predhodnih ali drugih isto\u010dasnih dr\u017eavljanstev;<br \/>\n&#8211; uveljavljajo izjeme, dolo\u010dene v \u010drkah a), a-bis), b), c) in d) \u010dlena 3-bis, kot je navedeno zgoraj.<\/p>\n<p style=\"text-align: justify;\"><span style=\"color: #333399;\">Prehodno obdobje: roki in veljavnost podanih vlog<\/span><\/p>\n<p style=\"text-align: justify;\">V zvezi z novimi predpisi, je potrebno izpostaviti naslednje:<\/p>\n<ol>\n<li>vloge podane do 27. 3. 2025 do 23:59 (po rimskem \u010dasu) \u2013 zanje veljajo predhodni predpisi in so veljavne, \u010de so:<br \/>\n&#8211; osebno oddane na konzularnem predstavni\u0161tvu do navedenega roka;<br \/>\n&#8211; poslane po po\u0161ti z mo\u017enostjo sledenja, z datumom in uro po\u0161iljanja pred navedenim rokom;<br \/>\n&#8211; poslani po po\u0161ti brez sledljivosti, vendar jih je konzularno predstavni\u0161tvo prejelo pred iztekom roka;<br \/>\n&#8211; posredovane preko portala Fast-It pred iztekom roka;<\/li>\n<li>vloge podane na dan, za katerega je termin bil sporo\u010dene do 27. 3. 2025; uporaba predhodnih predpisov ostaja v veljavi tudi za vloge podane na dan termina, ki ga je konzularno predstavni\u0161tvo potrdilo preko elektronske po\u0161te do 27. 3. 2025 do 23:59;<\/li>\n<li>za vloge podane v vseh ostalih okoli\u0161\u010dinah se uporabljajo novi predpisi, ki jih prina\u0161a \u010dlen 3-bis Zakona \u0161t. 91\/1992 oz. spremembe predvidene z Zakonom \u0161t. 74\/2025.<\/li>\n<\/ol>\n<p style=\"text-align: justify;\"><span style=\"color: #333399;\">Dokumentacija, ki jo je treba prilo\u017eiti<\/span><\/p>\n<p style=\"text-align: justify;\">V skladu z okro\u017enico Ministrstva za notranje zadeve \u0161t. K.28.1 z dne 8. 4. 1991 (<a href=\"https:\/\/www.esteri.it\/mae\/normative\/Normativa_Consolare\/ServiziConsolari\/cittadinanza\/circk28_1991.pdf\">dostopna v italijanskem jeziku<\/a>) je k vlogi potrebno prilo\u017eiti naslednje listine:<\/p>\n<ol style=\"text-align: justify;\">\n<li>izpisek iz mati\u010dnega registra o rojstvu, ki ga izda ob\u010dina rojstva v Italiji italijanskega prednika, ki je emigriral;<\/li>\n<li>izpisek iz mati\u010dnega registra o rojstvu (z uradnim prevodom v italijan\u0161\u010dino) vseh potomcev v ravni liniji;<\/li>\n<li>poro\u010dni list italijanskega prednika (z uradnim prevodom, \u010de je bil izdan v tujini);<\/li>\n<li>poro\u010dni listi potomcev v ravni liniji;<\/li>\n<li>potrdilo (z uradnim prevodom), ki ga izdajo oblasti dr\u017eave, v katero je prednik emigriral, iz katerega izhaja, da prednik ni pridobil tujega dr\u017eavljanstva pred rojstvom prosilca;<\/li>\n<li>potrdilo, ki ga izda pristojni italijanski konzulat, da se prosilec in njegovi predniki niso odrekli italijanskemu dr\u017eavljanstvu (v skladu s 7. \u010dlenom Zakona \u0161t. 555\/1912);<\/li>\n<li>potrdilo o prebivali\u0161\u010du.<\/li>\n<\/ol>\n<p style=\"text-align: justify;\">Vlogam, za katere se uporablja nova zakonodaja, je potrebno prilo\u017eiti \u0161e:<\/p>\n<ul style=\"text-align: justify;\">\n<li>dokumente, ki potrjujejo, da ima prosilec le eno dr\u017eavljanstvo, da ni vpisan v volilne imenike ali potrdilo o odpustu tujega dr\u017eavljanstva;<\/li>\n<li>zgodovinsko potrdilo o dr\u017eavljanstvu (za dokazovanje vsaj dvoletnega neprekinjenega prebivanja v Italiji), \u010de je to predpisano.<\/li>\n<\/ul>\n<p style=\"text-align: justify;\"><span style=\"color: #333399;\">Druge mo\u017enosti pridobitve dr\u017eavljanstva<\/span><\/p>\n<p style=\"text-align: justify;\">V stranskem desnem meniju so povezave na razli\u010dne na\u010dine pridobitve italijanskega dr\u017eavljanstva. Povezave so le v italijanskem jeziku, za\u00a0dodatna pojasnila nas lahko <a href=\"https:\/\/conscapodistria.esteri.it\/sl\/chi-siamo\/contatti\/\">kontaktirate<\/a>.<\/p>\n<ul style=\"text-align: justify;\">\n<li><a href=\"https:\/\/conscapodistria.esteri.it\/it\/servizi-consolari-e-visti\/servizi-per-il-cittadino-straniero\/cittadinanza\/cittadinanza-per-beneficio-di-legge-figli-minori\/\">Dr\u017eavljanstvo s priglasitvijo oz. \u00bbzakonsko upravi\u010denostjo\u00ab v primeru mladoletnih otrok<\/a><\/li>\n<li><a href=\"https:\/\/conscapodistria.esteri.it\/it\/servizi-consolari-e-visti\/servizi-per-il-cittadino-straniero\/cittadinanza\/cittadinanza-per-convivenza-con-genitore-naturalizzato\/\">Naturalizacija na podlagi skupnega bivanja<\/a><\/li>\n<li><a href=\"https:\/\/conscapodistria.esteri.it\/it\/servizi-consolari-e-visti\/servizi-per-il-cittadino-straniero\/cittadinanza\/riacquisto-della-cittadinanza-italiana\/\">Ponovna pridobitev dr\u017eavljanstva<\/a><\/li>\n<li><a href=\"https:\/\/conscapodistria.esteri.it\/it\/servizi-consolari-e-visti\/servizi-per-il-cittadino-straniero\/cittadinanza\/cittadinanza-per-matrimonio-e-unione-civile\/\">Naturalizacija na podlagi zakonske zveze<\/a><\/li>\n<li><a href=\"https:\/\/conscapodistria.esteri.it\/it\/servizi-consolari-e-visti\/servizi-per-il-cittadino-straniero\/cittadinanza\/riconoscimento-della-cittadinanza-in-base-a-leggi-speciali\/\">Priznanje na podlagi posebnih zakonov<\/a><\/li>\n<li><a href=\"https:\/\/conscapodistria.esteri.it\/it\/servizi-consolari-e-visti\/servizi-per-il-cittadino-straniero\/cittadinanza\/certificato-di-mancata-rinuncia-non-rinuncia-alla-cittadinanza-italiana\/\">Potrdilo o \u00bbne-prenehanju\u00ab dr\u017eavljanstva<\/a><\/li>\n<li><a href=\"https:\/\/conscapodistria.esteri.it\/it\/servizi-consolari-e-visti\/servizi-per-il-cittadino-straniero\/cittadinanza\/rinuncia-alla-cittadinanza\/\">Odpust oz. odrek dr\u017eavljanstvu<\/a><\/li>\n<\/ul>\n<p style=\"text-align: justify;\">\n","protected":false},"excerpt":{"rendered":"Uredba z zakonsko mo\u010djo \u0161t. 36 z dne 28. 3. 2025 je bila s spremembami preoblikovana v Zakon \u0161t. 74 z dne 23. 5. 2025 (v veljavi od 24. 5. 2025), ta pa prina\u0161a pomembno reformo Zakona \u0161t. 91 z dne 5. 2. 1992 in dolo\u010db o italijanskem dr\u017eavljanstvu. Posodobljena vsebina zakona \u0161t. 91\/1992 je [&hellip;]","protected":false},"author":1,"featured_media":0,"parent":296,"menu_order":2,"comment_status":"closed","ping_status":"closed","template":"","meta":{"footnotes":""},"class_list":["post-306","page","type-page","status-publish","hentry"],"_links":{"self":[{"href":"https:\/\/conscapodistria.esteri.it\/sl\/wp-json\/wp\/v2\/pages\/306","targetHints":{"allow":["GET"]}}],"collection":[{"href":"https:\/\/conscapodistria.esteri.it\/sl\/wp-json\/wp\/v2\/pages"}],"about":[{"href":"https:\/\/conscapodistria.esteri.it\/sl\/wp-json\/wp\/v2\/types\/page"}],"author":[{"embeddable":true,"href":"https:\/\/conscapodistria.esteri.it\/sl\/wp-json\/wp\/v2\/users\/1"}],"replies":[{"embeddable":true,"href":"https:\/\/conscapodistria.esteri.it\/sl\/wp-json\/wp\/v2\/comments?post=306"}],"version-history":[{"count":6,"href":"https:\/\/conscapodistria.esteri.it\/sl\/wp-json\/wp\/v2\/pages\/306\/revisions"}],"predecessor-version":[{"id":1931,"href":"https:\/\/conscapodistria.esteri.it\/sl\/wp-json\/wp\/v2\/pages\/306\/revisions\/1931"}],"up":[{"embeddable":true,"href":"https:\/\/conscapodistria.esteri.it\/sl\/wp-json\/wp\/v2\/pages\/296"}],"wp:attachment":[{"href":"https:\/\/conscapodistria.esteri.it\/sl\/wp-json\/wp\/v2\/media?parent=306"}],"curies":[{"name":"wp","href":"https:\/\/api.w.org\/{rel}","templated":true}]}}