{"id":296,"date":"2023-04-03T19:25:23","date_gmt":"2023-04-03T17:25:23","guid":{"rendered":"https:\/\/conscapodistria.esteri.it\/servizi-consolari-e-visti\/servizi-per-il-cittadino-straniero\/"},"modified":"2025-07-15T08:38:13","modified_gmt":"2025-07-15T06:38:13","slug":"servizi-per-il-cittadino-straniero","status":"publish","type":"page","link":"https:\/\/conscapodistria.esteri.it\/sl\/servizi-consolari-e-visti\/servizi-per-il-cittadino-straniero\/","title":{"rendered":"Storitve za tuje dr\u017eavljane"},"content":{"rendered":"<p><a href=\"https:\/\/conscapodistria.esteri.it\/sl\/servizi-consolari-e-visti\/servizi-per-il-cittadino-straniero\/dichiarazione-di-valore-potrdilo-o-vrednotenju-izobrazevanja\/\">Dichiarazioni di valore &#8211; Potrdilo o vrednotenju izobra\u017eevanja<\/a><\/p>\n<p><a href=\"https:\/\/conscapodistria.esteri.it\/sl\/servizi-consolari-e-visti\/servizi-per-il-cittadino-straniero\/cittadinanza\/\">Pridobitev italijanskega dr\u017eavljanstva<\/a><\/p>\n<p><a href=\"https:\/\/conscapodistria.esteri.it\/sl\/servizi-consolari-e-visti\/servizi-per-il-cittadino-straniero\/italijanska-davcna-stevilka-codice-fiscale\/\">Postopek izdaje italijanske dav\u010dne \u0161tevilke (Codice Fiscale)<\/a><\/p>\n<p>&nbsp;<\/p>\n","protected":false},"excerpt":{"rendered":"Dichiarazioni di valore &#8211; Potrdilo o vrednotenju izobra\u017eevanja Pridobitev italijanskega dr\u017eavljanstva Postopek izdaje italijanske dav\u010dne \u0161tevilke (Codice Fiscale) &nbsp;","protected":false},"author":1,"featured_media":0,"parent":240,"menu_order":2,"comment_status":"closed","ping_status":"closed","template":"","meta":{"footnotes":""},"class_list":["post-296","page","type-page","status-publish","hentry"],"_links":{"self":[{"href":"https:\/\/conscapodistria.esteri.it\/sl\/wp-json\/wp\/v2\/pages\/296","targetHints":{"allow":["GET"]}}],"collection":[{"href":"https:\/\/conscapodistria.esteri.it\/sl\/wp-json\/wp\/v2\/pages"}],"about":[{"href":"https:\/\/conscapodistria.esteri.it\/sl\/wp-json\/wp\/v2\/types\/page"}],"author":[{"embeddable":true,"href":"https:\/\/conscapodistria.esteri.it\/sl\/wp-json\/wp\/v2\/users\/1"}],"replies":[{"embeddable":true,"href":"https:\/\/conscapodistria.esteri.it\/sl\/wp-json\/wp\/v2\/comments?post=296"}],"version-history":[{"count":4,"href":"https:\/\/conscapodistria.esteri.it\/sl\/wp-json\/wp\/v2\/pages\/296\/revisions"}],"predecessor-version":[{"id":1906,"href":"https:\/\/conscapodistria.esteri.it\/sl\/wp-json\/wp\/v2\/pages\/296\/revisions\/1906"}],"up":[{"embeddable":true,"href":"https:\/\/conscapodistria.esteri.it\/sl\/wp-json\/wp\/v2\/pages\/240"}],"wp:attachment":[{"href":"https:\/\/conscapodistria.esteri.it\/sl\/wp-json\/wp\/v2\/media?parent=296"}],"curies":[{"name":"wp","href":"https:\/\/api.w.org\/{rel}","templated":true}]}}