{"id":294,"date":"2023-04-03T19:30:19","date_gmt":"2023-04-03T17:30:19","guid":{"rendered":"https:\/\/conscapodistria.esteri.it\/servizi-consolari-e-visti\/servizi-per-il-cittadino-italiano\/pensioni-e-sicurezza-sociale\/"},"modified":"2024-11-12T13:33:57","modified_gmt":"2024-11-12T11:33:57","slug":"pensioni-e-sicurezza-sociale","status":"publish","type":"page","link":"https:\/\/conscapodistria.esteri.it\/sl\/servizi-consolari-e-visti\/servizi-per-il-cittadino-italiano\/pensioni-e-sicurezza-sociale\/","title":{"rendered":"Pokojnine in socialna varnost"},"content":{"rendered":"<p style=\"text-align: justify;\"><a href=\"https:\/\/www.esteri.it\/en\/servizi-consolari-e-visti\/italiani-all-estero\/sicurezzasociale\/\">Informacije Ministrstva za zunanje zadeve in mednarodno sodelovanje<\/a> (v angle\u0161kem jeziku)<\/p>\n<p>&nbsp;<\/p>\n<p><strong>Patronati na konzularnem obmo\u010dju Generalnega konzulata Italije v Kopru:<\/strong><\/p>\n<p>Patronat ITAL UIL Koper (odprt vsako drugo in \u010detrto sredo v mesecu od 09:00 do 11:00)<br \/>\n<a href=\"https:\/\/maps.app.goo.gl\/zRzPCPPa8y9evFeG6\">Stani\u010dev trg 1<\/a><br \/>\n6000 Koper Capodistria<br \/>\nitalpatronato@gmail.com<br \/>\ntelefon: +386 51 748 126<br \/>\ntelefon: +39 340 117 54 53<\/p>\n<p>Patronat ITAL UIL Hrpelje (odprt ob torkih od 09:00 do 11:00)<br \/>\n<a href=\"https:\/\/maps.app.goo.gl\/D9GA1q33gBexyWoQ8\">Re\u0161ka cesta 14<\/a><br \/>\n6240 Hrpelje Kozina<br \/>\nitalpatronato@gmail.com<br \/>\ntelefono: +386 51 748 126<br \/>\ntelefono: +39 340 117 54 53<\/p>\n<p>Patronat INAS<br \/>\n<a href=\"https:\/\/maps.app.goo.gl\/AHUGAjNBKamkBk1o6\">Kidri\u010deva 9\/A<\/a><br \/>\n5000 Nova Gorica<br \/>\ntelefon: 00386 5 338 01 97<\/p>\n<p>Patronat INAS &#8211; Pisarna v Kopru<br \/>\n<a href=\"https:\/\/maps.app.goo.gl\/xLU2fsdpsoVMtbCH7\">Gortanov trg 15<\/a><br \/>\n6000 Koper Capodistria<br \/>\ntelefono: 00386 51 635 440<\/p>\n<p>Patronat INCA Koper<br \/>\n<a href=\"https:\/\/maps.app.goo.gl\/JVAQBwDuQUYqeV6y6\">Vojkovo nabre\u017eje 23<\/a><br \/>\n6000 Koper Capodistria<br \/>\ntelefon: 00386 5 627 38 24<br \/>\ncapodistria.slovenia@inca.it<\/p>\n<p>Patronat INCA Nova Gorica<br \/>\nc\/o ZZZS &#8211; <a href=\"https:\/\/maps.app.goo.gl\/mLKiKvZZS72yFL5v8\">Kidri\u010deva 9<\/a><br \/>\n5000 Nova Gorica<br \/>\ntelefon: 00386 5 330 35 25 &#8211; od 18. novembra 2024 do 7. januarja 2025 vsako sredo od 9:00 do 16:00 ure.<\/p>\n","protected":false},"excerpt":{"rendered":"Informacije Ministrstva za zunanje zadeve in mednarodno sodelovanje (v angle\u0161kem jeziku) &nbsp; Patronati na konzularnem obmo\u010dju Generalnega konzulata Italije v Kopru: Patronat ITAL UIL Koper (odprt vsako drugo in \u010detrto sredo v mesecu od 09:00 do 11:00) Stani\u010dev trg 1 6000 Koper Capodistria italpatronato@gmail.com telefon: +386 51 748 126 telefon: +39 340 117 54 53 [&hellip;]","protected":false},"author":1,"featured_media":0,"parent":274,"menu_order":14,"comment_status":"closed","ping_status":"closed","template":"","meta":{"footnotes":""},"class_list":["post-294","page","type-page","status-publish","hentry"],"_links":{"self":[{"href":"https:\/\/conscapodistria.esteri.it\/sl\/wp-json\/wp\/v2\/pages\/294","targetHints":{"allow":["GET"]}}],"collection":[{"href":"https:\/\/conscapodistria.esteri.it\/sl\/wp-json\/wp\/v2\/pages"}],"about":[{"href":"https:\/\/conscapodistria.esteri.it\/sl\/wp-json\/wp\/v2\/types\/page"}],"author":[{"embeddable":true,"href":"https:\/\/conscapodistria.esteri.it\/sl\/wp-json\/wp\/v2\/users\/1"}],"replies":[{"embeddable":true,"href":"https:\/\/conscapodistria.esteri.it\/sl\/wp-json\/wp\/v2\/comments?post=294"}],"version-history":[{"count":4,"href":"https:\/\/conscapodistria.esteri.it\/sl\/wp-json\/wp\/v2\/pages\/294\/revisions"}],"predecessor-version":[{"id":1312,"href":"https:\/\/conscapodistria.esteri.it\/sl\/wp-json\/wp\/v2\/pages\/294\/revisions\/1312"}],"up":[{"embeddable":true,"href":"https:\/\/conscapodistria.esteri.it\/sl\/wp-json\/wp\/v2\/pages\/274"}],"wp:attachment":[{"href":"https:\/\/conscapodistria.esteri.it\/sl\/wp-json\/wp\/v2\/media?parent=294"}],"curies":[{"name":"wp","href":"https:\/\/api.w.org\/{rel}","templated":true}]}}