{"id":293,"date":"2023-04-03T19:30:10","date_gmt":"2023-04-03T17:30:10","guid":{"rendered":"https:\/\/conscapodistria.esteri.it\/servizi-consolari-e-visti\/servizi-per-il-cittadino-italiano\/codice-fiscale\/"},"modified":"2025-07-24T09:47:46","modified_gmt":"2025-07-24T07:47:46","slug":"codice-fiscale","status":"publish","type":"page","link":"https:\/\/conscapodistria.esteri.it\/sl\/servizi-consolari-e-visti\/servizi-per-il-cittadino-italiano\/codice-fiscale\/","title":{"rendered":"Italijanska dav\u010dna \u0161tevilka \u2013 Codice Fiscale"},"content":{"rendered":"<div class=\"col-lg-8\">\n<article id=\"post-1813\" class=\"post-1813 page type-page status-publish hentry\">\n<div class=\"entry-content\">\n<p style=\"text-align: justify;\"><strong><em>Informacije o italijanski dav\u010dni \u0161tevilki za tuje dr\u017eavljane\u00a0<\/em><\/strong><\/p>\n<p style=\"text-align: justify;\">Ministrska uredba \u0161t. 281 z dne 17. 5. 2001 dolo\u010da, da lahko tuji dr\u017eavljani vlo\u017eijo zahtevo za dodelitev dav\u010dne \u0161tevilke na vsakem uradu\u00a0<a href=\"https:\/\/www.agenziaentrate.gov.it\/portale\/\">Agencije za javne prihodke<\/a>, tudi preko poobla\u0161\u010denca. Naslovi uradov Agencije za javne prihodke so na voljo\u00a0<a href=\"https:\/\/www.agenziaentrate.gov.it\/portale\/siti-web-regionali\">na tej povezavi<\/a>.<\/p>\n<p style=\"text-align: justify;\">Tuji \u0161tudent pridobi dav\u010dno \u0161tevilko avtomati\u010dno ob postopku vpisa na spletni strani\u00a0<a href=\"https:\/\/www.universitaly.it\/\">Universitaly<\/a>.<\/p>\n<p style=\"text-align: justify;\">Tuji dr\u017eavljan, ki potrebuje dav\u010dno \u0161tevilko zaradi nakupa nepremi\u010dnine oziroma sklepanja drugih poslov v Italiji, lahko pridobi dav\u010dno \u0161tevilko preko svojega poobla\u0161\u010denca (npr. nepremi\u010dninskega agenta ali notarja), ki bo podal vlogo na Agenciji za javne prihodke.<\/p>\n<p style=\"text-align: justify;\">Dr\u017eavljan Evropske skupnosti, ki namerava prebivati v Italiji, lahko pridobi dav\u010dno \u0161tevilko na izpostavah Agencije za javne prihodke na podlagi izpolnjenega\u00a0<a href=\"https:\/\/conscapodistria.esteri.it\/wp-content\/uploads\/2025\/06\/Modello-ITA-SLO.pdf\">obrazca AA4\/8<\/a>. V vlogi je potrebno navesti razloge za podano zahtevo ter prilo\u017eiti veljaven osebni dokument (osebno izkaznico ali potni list).<\/p>\n<p style=\"text-align: justify;\">Tuji dr\u017eavljan, ki potrebuje dav\u010dno \u0161tevilko za sodne postopke v Italiji, lahko v pooblastilu odvetniku navede, naj zanj pridobi tudi dav\u010dno \u0161tevilko.<\/p>\n<p style=\"text-align: right;\"><em>Zadnja sprememba: 23. 6. 2025<\/em><\/p>\n<\/div>\n<\/article>\n<\/div>\n","protected":false},"excerpt":{"rendered":"Informacije o italijanski dav\u010dni \u0161tevilki za tuje dr\u017eavljane\u00a0 Ministrska uredba \u0161t. 281 z dne 17. 5. 2001 dolo\u010da, da lahko tuji dr\u017eavljani vlo\u017eijo zahtevo za dodelitev dav\u010dne \u0161tevilke na vsakem uradu\u00a0Agencije za javne prihodke, tudi preko poobla\u0161\u010denca. Naslovi uradov Agencije za javne prihodke so na voljo\u00a0na tej povezavi. Tuji \u0161tudent pridobi dav\u010dno \u0161tevilko avtomati\u010dno ob [&hellip;]","protected":false},"author":1,"featured_media":0,"parent":274,"menu_order":7,"comment_status":"closed","ping_status":"closed","template":"","meta":{"footnotes":""},"class_list":["post-293","page","type-page","status-publish","hentry"],"_links":{"self":[{"href":"https:\/\/conscapodistria.esteri.it\/sl\/wp-json\/wp\/v2\/pages\/293","targetHints":{"allow":["GET"]}}],"collection":[{"href":"https:\/\/conscapodistria.esteri.it\/sl\/wp-json\/wp\/v2\/pages"}],"about":[{"href":"https:\/\/conscapodistria.esteri.it\/sl\/wp-json\/wp\/v2\/types\/page"}],"author":[{"embeddable":true,"href":"https:\/\/conscapodistria.esteri.it\/sl\/wp-json\/wp\/v2\/users\/1"}],"replies":[{"embeddable":true,"href":"https:\/\/conscapodistria.esteri.it\/sl\/wp-json\/wp\/v2\/comments?post=293"}],"version-history":[{"count":4,"href":"https:\/\/conscapodistria.esteri.it\/sl\/wp-json\/wp\/v2\/pages\/293\/revisions"}],"predecessor-version":[{"id":1949,"href":"https:\/\/conscapodistria.esteri.it\/sl\/wp-json\/wp\/v2\/pages\/293\/revisions\/1949"}],"up":[{"embeddable":true,"href":"https:\/\/conscapodistria.esteri.it\/sl\/wp-json\/wp\/v2\/pages\/274"}],"wp:attachment":[{"href":"https:\/\/conscapodistria.esteri.it\/sl\/wp-json\/wp\/v2\/media?parent=293"}],"curies":[{"name":"wp","href":"https:\/\/api.w.org\/{rel}","templated":true}]}}