{"id":292,"date":"2023-04-03T19:29:59","date_gmt":"2023-04-03T17:29:59","guid":{"rendered":"https:\/\/conscapodistria.esteri.it\/servizi-consolari-e-visti\/servizi-per-il-cittadino-italiano\/autoveicoli-e-patenti-di-guida\/"},"modified":"2025-07-24T10:37:13","modified_gmt":"2025-07-24T08:37:13","slug":"autoveicoli-e-patenti-di-guida","status":"publish","type":"page","link":"https:\/\/conscapodistria.esteri.it\/sl\/servizi-consolari-e-visti\/servizi-per-il-cittadino-italiano\/autoveicoli-e-patenti-di-guida\/","title":{"rendered":"Vozila in vozni\u0161ka dovoljenja"},"content":{"rendered":"<p>Na Generalnem konzulatu ni mo\u017eno urejati listin povezanih z vozili in vozni\u0161kimi dovoljenji.<\/p>\n<p>Zamenjava (conversione) italijanskega vozni\u0161kega dovoljenja s slovenskim se uredi na <a href=\"https:\/\/www.gov.si\/drzavni-organi\/upravne-enote\/\">Upravni enoti<\/a>.<\/p>\n<p>Informacije v <a href=\"https:\/\/www.esteri.it\/it\/servizi-consolari-e-visti\/italiani-all-estero\/autoveicoli_e_patenti\/\">angle\u0161kem<\/a> in <a href=\"https:\/\/www.esteri.it\/it\/servizi-consolari-e-visti\/italiani-all-estero\/autoveicoli_e_patenti\/\">italijanskem<\/a> jeziku.<\/p>\n","protected":false},"excerpt":{"rendered":"Na Generalnem konzulatu ni mo\u017eno urejati listin povezanih z vozili in vozni\u0161kimi dovoljenji. Zamenjava (conversione) italijanskega vozni\u0161kega dovoljenja s slovenskim se uredi na Upravni enoti. Informacije v angle\u0161kem in italijanskem jeziku.","protected":false},"author":1,"featured_media":0,"parent":274,"menu_order":4,"comment_status":"closed","ping_status":"closed","template":"","meta":{"footnotes":""},"class_list":["post-292","page","type-page","status-publish","hentry"],"_links":{"self":[{"href":"https:\/\/conscapodistria.esteri.it\/sl\/wp-json\/wp\/v2\/pages\/292","targetHints":{"allow":["GET"]}}],"collection":[{"href":"https:\/\/conscapodistria.esteri.it\/sl\/wp-json\/wp\/v2\/pages"}],"about":[{"href":"https:\/\/conscapodistria.esteri.it\/sl\/wp-json\/wp\/v2\/types\/page"}],"author":[{"embeddable":true,"href":"https:\/\/conscapodistria.esteri.it\/sl\/wp-json\/wp\/v2\/users\/1"}],"replies":[{"embeddable":true,"href":"https:\/\/conscapodistria.esteri.it\/sl\/wp-json\/wp\/v2\/comments?post=292"}],"version-history":[{"count":2,"href":"https:\/\/conscapodistria.esteri.it\/sl\/wp-json\/wp\/v2\/pages\/292\/revisions"}],"predecessor-version":[{"id":1974,"href":"https:\/\/conscapodistria.esteri.it\/sl\/wp-json\/wp\/v2\/pages\/292\/revisions\/1974"}],"up":[{"embeddable":true,"href":"https:\/\/conscapodistria.esteri.it\/sl\/wp-json\/wp\/v2\/pages\/274"}],"wp:attachment":[{"href":"https:\/\/conscapodistria.esteri.it\/sl\/wp-json\/wp\/v2\/media?parent=292"}],"curies":[{"name":"wp","href":"https:\/\/api.w.org\/{rel}","templated":true}]}}