{"id":281,"date":"2023-04-03T19:29:13","date_gmt":"2023-04-03T17:29:13","guid":{"rendered":"https:\/\/conscapodistria.esteri.it\/servizi-consolari-e-visti\/servizi-per-il-cittadino-italiano\/assistenza-ai-cittadini-allestero\/"},"modified":"2025-07-24T10:21:17","modified_gmt":"2025-07-24T08:21:17","slug":"assistenza-ai-cittadini-allestero","status":"publish","type":"page","link":"https:\/\/conscapodistria.esteri.it\/sl\/servizi-consolari-e-visti\/servizi-per-il-cittadino-italiano\/assistenza-ai-cittadini-allestero\/","title":{"rendered":"Konzularna asistenca italijanskim dr\u017eavljanom v tujini"},"content":{"rendered":"<p style=\"text-align: justify;\">Generalni konzulat nudi konzularno asistenco italijanskim dr\u017eavljanom, ki prosijo za pomo\u010d, ker so se zna\u0161li v te\u017eavah ali v primerih, kot so: podpora pri odvzemu prostosti; denarna, zdravstvena ali pravna pomo\u010d, asistenca v primeru izgube ali kraje osebnih dokumentov, ureditev dokumentacije v primeru smrti (mrli\u0161ki potni list).<\/p>\n<p style=\"text-align: justify;\">Ve\u010d informacij je na voljo v <a href=\"https:\/\/conscapodistria.esteri.it\/it\/servizi-consolari-e-visti\/servizi-per-il-cittadino-italiano\/assistenza-ai-cittadini-allestero\/\">italijanskem jeziku<\/a>, lahko pa stopite v stik s konzularnim oddelkom: capodistria.consolare@esteri.it.<\/p>\n","protected":false},"excerpt":{"rendered":"Generalni konzulat nudi konzularno asistenco italijanskim dr\u017eavljanom, ki prosijo za pomo\u010d, ker so se zna\u0161li v te\u017eavah ali v primerih, kot so: podpora pri odvzemu prostosti; denarna, zdravstvena ali pravna pomo\u010d, asistenca v primeru izgube ali kraje osebnih dokumentov, ureditev dokumentacije v primeru smrti (mrli\u0161ki potni list). Ve\u010d informacij je na voljo v italijanskem jeziku, [&hellip;]","protected":false},"author":1,"featured_media":0,"parent":274,"menu_order":3,"comment_status":"closed","ping_status":"closed","template":"","meta":{"footnotes":""},"class_list":["post-281","page","type-page","status-publish","hentry"],"_links":{"self":[{"href":"https:\/\/conscapodistria.esteri.it\/sl\/wp-json\/wp\/v2\/pages\/281","targetHints":{"allow":["GET"]}}],"collection":[{"href":"https:\/\/conscapodistria.esteri.it\/sl\/wp-json\/wp\/v2\/pages"}],"about":[{"href":"https:\/\/conscapodistria.esteri.it\/sl\/wp-json\/wp\/v2\/types\/page"}],"author":[{"embeddable":true,"href":"https:\/\/conscapodistria.esteri.it\/sl\/wp-json\/wp\/v2\/users\/1"}],"replies":[{"embeddable":true,"href":"https:\/\/conscapodistria.esteri.it\/sl\/wp-json\/wp\/v2\/comments?post=281"}],"version-history":[{"count":2,"href":"https:\/\/conscapodistria.esteri.it\/sl\/wp-json\/wp\/v2\/pages\/281\/revisions"}],"predecessor-version":[{"id":1963,"href":"https:\/\/conscapodistria.esteri.it\/sl\/wp-json\/wp\/v2\/pages\/281\/revisions\/1963"}],"up":[{"embeddable":true,"href":"https:\/\/conscapodistria.esteri.it\/sl\/wp-json\/wp\/v2\/pages\/274"}],"wp:attachment":[{"href":"https:\/\/conscapodistria.esteri.it\/sl\/wp-json\/wp\/v2\/media?parent=281"}],"curies":[{"name":"wp","href":"https:\/\/api.w.org\/{rel}","templated":true}]}}