{"id":252,"date":"2023-04-03T19:16:29","date_gmt":"2023-04-03T17:16:29","guid":{"rendered":"https:\/\/conscapodistria.esteri.it\/chi-siamo\/la-rete-consolare\/"},"modified":"2023-10-31T14:03:29","modified_gmt":"2023-10-31T12:03:29","slug":"la-rete-consolare","status":"publish","type":"page","link":"https:\/\/conscapodistria.esteri.it\/sl\/chi-siamo\/la-rete-consolare\/","title":{"rendered":"Konzularna mre\u017ea"},"content":{"rendered":"<p style=\"text-align: justify;\">Italijansko diplomatsko-konzularna mre\u017eo v Sloveniji predstavljata:<\/p>\n<ul>\n<li style=\"text-align: justify;\"><a href=\"https:\/\/amblubiana.esteri.it\/ambasciata_lubiana\/sl\">Veleposlani\u0161tvo Italije v Ljubljani<\/a> ter<\/li>\n<li style=\"text-align: justify;\">Generalni konzulat Italije v Kopru, ki je pristojen le za obmo\u010dje, kjer se nahajajo naslednje slovenske ob\u010dine: Ajdov\u0161\u010dina, Ankaran, Bovec, Brda, Cerkno, Diva\u010da, Hrpelje-Kozina, Idrija, Ilirska Bistrica, Izola, Kanal, Kobarid, Komen, Koper, Miren-Kostanjevica, Nova Gorica, Piran, Pivka, Postojna, Se\u017eana, \u0160empeter-Vrtojba, Tolmin in Vipava.<\/li>\n<\/ul>\n","protected":false},"excerpt":{"rendered":"Italijansko diplomatsko-konzularna mre\u017eo v Sloveniji predstavljata: Veleposlani\u0161tvo Italije v Ljubljani ter Generalni konzulat Italije v Kopru, ki je pristojen le za obmo\u010dje, kjer se nahajajo naslednje slovenske ob\u010dine: Ajdov\u0161\u010dina, Ankaran, Bovec, Brda, Cerkno, Diva\u010da, Hrpelje-Kozina, Idrija, Ilirska Bistrica, Izola, Kanal, Kobarid, Komen, Koper, Miren-Kostanjevica, Nova Gorica, Piran, Pivka, Postojna, Se\u017eana, \u0160empeter-Vrtojba, Tolmin in Vipava.","protected":false},"author":1,"featured_media":0,"parent":236,"menu_order":12,"comment_status":"closed","ping_status":"closed","template":"","meta":{"footnotes":""},"class_list":["post-252","page","type-page","status-publish","hentry"],"_links":{"self":[{"href":"https:\/\/conscapodistria.esteri.it\/sl\/wp-json\/wp\/v2\/pages\/252","targetHints":{"allow":["GET"]}}],"collection":[{"href":"https:\/\/conscapodistria.esteri.it\/sl\/wp-json\/wp\/v2\/pages"}],"about":[{"href":"https:\/\/conscapodistria.esteri.it\/sl\/wp-json\/wp\/v2\/types\/page"}],"author":[{"embeddable":true,"href":"https:\/\/conscapodistria.esteri.it\/sl\/wp-json\/wp\/v2\/users\/1"}],"replies":[{"embeddable":true,"href":"https:\/\/conscapodistria.esteri.it\/sl\/wp-json\/wp\/v2\/comments?post=252"}],"version-history":[{"count":1,"href":"https:\/\/conscapodistria.esteri.it\/sl\/wp-json\/wp\/v2\/pages\/252\/revisions"}],"predecessor-version":[{"id":729,"href":"https:\/\/conscapodistria.esteri.it\/sl\/wp-json\/wp\/v2\/pages\/252\/revisions\/729"}],"up":[{"embeddable":true,"href":"https:\/\/conscapodistria.esteri.it\/sl\/wp-json\/wp\/v2\/pages\/236"}],"wp:attachment":[{"href":"https:\/\/conscapodistria.esteri.it\/sl\/wp-json\/wp\/v2\/media?parent=252"}],"curies":[{"name":"wp","href":"https:\/\/api.w.org\/{rel}","templated":true}]}}