{"id":251,"date":"2023-04-03T19:16:15","date_gmt":"2023-04-03T17:16:15","guid":{"rendered":"https:\/\/conscapodistria.esteri.it\/chi-siamo\/numeri-di-emergenza\/"},"modified":"2024-07-04T14:39:48","modified_gmt":"2024-07-04T12:39:48","slug":"numeri-di-emergenza","status":"publish","type":"page","link":"https:\/\/conscapodistria.esteri.it\/sl\/chi-siamo\/numeri-di-emergenza\/","title":{"rendered":"\u0160tevilke za klic v sili"},"content":{"rendered":"<p>KLIC V SILI: enotna evropska \u0161tevilka za klice v sili je<span style=\"color: #ff0000;\"><strong> 1 1 2<\/strong><\/span> .<\/p>\n<p style=\"text-align: justify;\">Samo v nujnih primerih, v \u010dasu izven uradnih ur (ne za splo\u0161ne informacije), lahko pokli\u010dete naslednje \u0161tevilke, dosegljive od ponedeljka do petka med 16.30 in 22.00 ter dela prostih dnevih od 8.00 do 22.00:<\/p>\n<p style=\"padding-left: 40px;\">\u0161tevilka Generalnega konzulata Italije v Kopru: +386 64 298 224;<\/p>\n<p style=\"padding-left: 40px;\">\u0161tevilka Veleposlani\u0161tva Italije v Ljubljani: +386 41 736 773.<\/p>\n","protected":false},"excerpt":{"rendered":"KLIC V SILI: enotna evropska \u0161tevilka za klice v sili je 1 1 2 . Samo v nujnih primerih, v \u010dasu izven uradnih ur (ne za splo\u0161ne informacije), lahko pokli\u010dete naslednje \u0161tevilke, dosegljive od ponedeljka do petka med 16.30 in 22.00 ter dela prostih dnevih od 8.00 do 22.00: \u0161tevilka Generalnega konzulata Italije v Kopru: [&hellip;]","protected":false},"author":1,"featured_media":0,"parent":236,"menu_order":10,"comment_status":"closed","ping_status":"closed","template":"","meta":{"footnotes":""},"class_list":["post-251","page","type-page","status-publish","hentry"],"_links":{"self":[{"href":"https:\/\/conscapodistria.esteri.it\/sl\/wp-json\/wp\/v2\/pages\/251","targetHints":{"allow":["GET"]}}],"collection":[{"href":"https:\/\/conscapodistria.esteri.it\/sl\/wp-json\/wp\/v2\/pages"}],"about":[{"href":"https:\/\/conscapodistria.esteri.it\/sl\/wp-json\/wp\/v2\/types\/page"}],"author":[{"embeddable":true,"href":"https:\/\/conscapodistria.esteri.it\/sl\/wp-json\/wp\/v2\/users\/1"}],"replies":[{"embeddable":true,"href":"https:\/\/conscapodistria.esteri.it\/sl\/wp-json\/wp\/v2\/comments?post=251"}],"version-history":[{"count":7,"href":"https:\/\/conscapodistria.esteri.it\/sl\/wp-json\/wp\/v2\/pages\/251\/revisions"}],"predecessor-version":[{"id":1148,"href":"https:\/\/conscapodistria.esteri.it\/sl\/wp-json\/wp\/v2\/pages\/251\/revisions\/1148"}],"up":[{"embeddable":true,"href":"https:\/\/conscapodistria.esteri.it\/sl\/wp-json\/wp\/v2\/pages\/236"}],"wp:attachment":[{"href":"https:\/\/conscapodistria.esteri.it\/sl\/wp-json\/wp\/v2\/media?parent=251"}],"curies":[{"name":"wp","href":"https:\/\/api.w.org\/{rel}","templated":true}]}}