{"id":249,"date":"2023-04-03T19:15:47","date_gmt":"2023-04-03T17:15:47","guid":{"rendered":"https:\/\/conscapodistria.esteri.it\/chi-siamo\/gli-uffici\/"},"modified":"2023-12-28T14:20:28","modified_gmt":"2023-12-28T12:20:28","slug":"gli-uffici","status":"publish","type":"page","link":"https:\/\/conscapodistria.esteri.it\/sl\/chi-siamo\/gli-uffici\/","title":{"rendered":"Pisarne"},"content":{"rendered":"<p>vlo\u017ei\u0161\u010de in arhiv: <a href=\"mailto:consgen.capodistria@esteri.it\">consgen.capodistria@esteri.it<\/a><\/p>\n<p>konzularna slu\u017eba (mati\u010dni register, dr\u017eavljanstvo, osebni dokumenti, dav\u010dne \u0161tevilke, vpis v AIRE): <a href=\"mailto:capodistria.consolare@esteri.it\">capodistria.consolare@esteri.it<\/a><\/p>\n<p>Urad Generalnega konzula Italije v Kopru: <a href=\"mailto:capodistria.segreteria@esteri.it\">capodistria.segreteria@esteri.it<\/a><\/p>\n","protected":false},"excerpt":{"rendered":"vlo\u017ei\u0161\u010de in arhiv: consgen.capodistria@esteri.it konzularna slu\u017eba (mati\u010dni register, dr\u017eavljanstvo, osebni dokumenti, dav\u010dne \u0161tevilke, vpis v AIRE): capodistria.consolare@esteri.it Urad Generalnega konzula Italije v Kopru: capodistria.segreteria@esteri.it","protected":false},"author":1,"featured_media":0,"parent":236,"menu_order":6,"comment_status":"closed","ping_status":"closed","template":"","meta":{"footnotes":""},"class_list":["post-249","page","type-page","status-publish","hentry"],"_links":{"self":[{"href":"https:\/\/conscapodistria.esteri.it\/sl\/wp-json\/wp\/v2\/pages\/249","targetHints":{"allow":["GET"]}}],"collection":[{"href":"https:\/\/conscapodistria.esteri.it\/sl\/wp-json\/wp\/v2\/pages"}],"about":[{"href":"https:\/\/conscapodistria.esteri.it\/sl\/wp-json\/wp\/v2\/types\/page"}],"author":[{"embeddable":true,"href":"https:\/\/conscapodistria.esteri.it\/sl\/wp-json\/wp\/v2\/users\/1"}],"replies":[{"embeddable":true,"href":"https:\/\/conscapodistria.esteri.it\/sl\/wp-json\/wp\/v2\/comments?post=249"}],"version-history":[{"count":2,"href":"https:\/\/conscapodistria.esteri.it\/sl\/wp-json\/wp\/v2\/pages\/249\/revisions"}],"predecessor-version":[{"id":801,"href":"https:\/\/conscapodistria.esteri.it\/sl\/wp-json\/wp\/v2\/pages\/249\/revisions\/801"}],"up":[{"embeddable":true,"href":"https:\/\/conscapodistria.esteri.it\/sl\/wp-json\/wp\/v2\/pages\/236"}],"wp:attachment":[{"href":"https:\/\/conscapodistria.esteri.it\/sl\/wp-json\/wp\/v2\/media?parent=249"}],"curies":[{"name":"wp","href":"https:\/\/api.w.org\/{rel}","templated":true}]}}