{"id":248,"date":"2023-04-03T19:15:30","date_gmt":"2023-04-03T17:15:30","guid":{"rendered":"https:\/\/conscapodistria.esteri.it\/chi-siamo\/la-sede\/"},"modified":"2024-07-04T14:39:00","modified_gmt":"2024-07-04T12:39:00","slug":"la-sede","status":"publish","type":"page","link":"https:\/\/conscapodistria.esteri.it\/sl\/chi-siamo\/la-sede\/","title":{"rendered":"Sede\u017e"},"content":{"rendered":"<p>GENERALNI KONZULAT ITALIJE V KOPRU<br \/>\nBelveder 2<br \/>\n6000 Koper Capodistria<\/p>\n<p>telefon +386 5 6273 747, <a href=\"mailto:consgen.capodistria@esteri.it\">consgen.capodistria@esteri.it<\/a><br \/>\n<em>samo za nujne primere v \u010dasu izven uradnih ur: +386 64 298 224<\/em><\/p>\n<p>Uradne ure Generalnega konzulata so od ponedeljka do petka od 9.00 do 11.00, vendar se je potrebno prej naro\u010diti na elektronski naslov:<\/p>\n<p style=\"padding-left: 40px;\"><a href=\"mailto:capodistria.consolare@esteri.it\">capodistria.consolare@esteri.it<\/a><\/p>\n<p>ali poklicati na telefonsko \u0161tevilko +386 5 6273 747.<\/p>\n<p>Na telefonu smo dosegljivi od ponedeljka do petka med 11.00 in 13.00 uro ter od 14.00 do 16.00.<\/p>\n<p>Certificirana elektronska po\u0161ta (PEC): <a href=\"mailto:con.capodistria@cert.esteri.it\">con.capodistria@cert.esteri.it<\/a><\/p>\n<p>V pristojnosti Generalnega konzulata Italije v Kopru so obmo\u010dja naslednjih ob\u010din: Ajdov\u0161\u010dina, Bovec, Brda, Cerkno, Diva\u010da, Hrpelje-Kozina, Idrija, Ilirska Bistrica, Izola, Kanal, Kobarid, Komen, Koper, Miren-Kostanjevica, Nova Gorica, Piran, Pivka, Postojna, Se\u017eana, \u0160empeter-Vrtojba, Tolmin in Vipava.<\/p>\n<p><em><strong>Prazniki, ko je Generalni konzulat zaprt:<\/strong><\/em><\/p>\n<p style=\"padding-left: 40px;\">1. januar ~ Novo leto<br \/>\n6. januar ~ Sveti trije kralji<br \/>\nVelikono\u010dni ponedeljek<br \/>\n25. april ~ Dan osvoboditve<br \/>\n1. maj ~ Praznik dela<br \/>\n2. junij ~ Italijanski dr\u017eavni praznik \u2013 Dan Republike<br \/>\n25. junij ~ Dan dr\u017eavnosti Republike Slovenije<br \/>\n15. avgust ~ Marijino vnebovzetje<br \/>\n1. november ~ Vsi sveti<br \/>\n25. december ~ Bo\u017ei\u010d<br \/>\n26. december ~ Dan samostojnosti in enotnosti Republike Slovenije<\/p>\n<p>&nbsp;<\/p>\n","protected":false},"excerpt":{"rendered":"GENERALNI KONZULAT ITALIJE V KOPRU Belveder 2 6000 Koper Capodistria telefon +386 5 6273 747, consgen.capodistria@esteri.it samo za nujne primere v \u010dasu izven uradnih ur: +386 64 298 224 Uradne ure Generalnega konzulata so od ponedeljka do petka od 9.00 do 11.00, vendar se je potrebno prej naro\u010diti na elektronski naslov: capodistria.consolare@esteri.it ali poklicati na [&hellip;]","protected":false},"author":1,"featured_media":0,"parent":236,"menu_order":2,"comment_status":"closed","ping_status":"closed","template":"","meta":{"footnotes":""},"class_list":["post-248","page","type-page","status-publish","hentry"],"_links":{"self":[{"href":"https:\/\/conscapodistria.esteri.it\/sl\/wp-json\/wp\/v2\/pages\/248","targetHints":{"allow":["GET"]}}],"collection":[{"href":"https:\/\/conscapodistria.esteri.it\/sl\/wp-json\/wp\/v2\/pages"}],"about":[{"href":"https:\/\/conscapodistria.esteri.it\/sl\/wp-json\/wp\/v2\/types\/page"}],"author":[{"embeddable":true,"href":"https:\/\/conscapodistria.esteri.it\/sl\/wp-json\/wp\/v2\/users\/1"}],"replies":[{"embeddable":true,"href":"https:\/\/conscapodistria.esteri.it\/sl\/wp-json\/wp\/v2\/comments?post=248"}],"version-history":[{"count":4,"href":"https:\/\/conscapodistria.esteri.it\/sl\/wp-json\/wp\/v2\/pages\/248\/revisions"}],"predecessor-version":[{"id":1146,"href":"https:\/\/conscapodistria.esteri.it\/sl\/wp-json\/wp\/v2\/pages\/248\/revisions\/1146"}],"up":[{"embeddable":true,"href":"https:\/\/conscapodistria.esteri.it\/sl\/wp-json\/wp\/v2\/pages\/236"}],"wp:attachment":[{"href":"https:\/\/conscapodistria.esteri.it\/sl\/wp-json\/wp\/v2\/media?parent=248"}],"curies":[{"name":"wp","href":"https:\/\/api.w.org\/{rel}","templated":true}]}}