{"id":247,"date":"2023-04-03T19:15:16","date_gmt":"2023-04-03T17:15:16","guid":{"rendered":"https:\/\/conscapodistria.esteri.it\/chi-siamo\/il-console-generale\/"},"modified":"2025-11-26T15:48:52","modified_gmt":"2025-11-26T13:48:52","slug":"il-console-generale","status":"publish","type":"page","link":"https:\/\/conscapodistria.esteri.it\/sl\/chi-siamo\/il-console-generale\/","title":{"rendered":"Generalni konzul"},"content":{"rendered":"<p><img loading=\"lazy\" decoding=\"async\" class=\"alignnone size-medium wp-image-2098 img-fluid\" src=\"https:\/\/conscapodistria.esteri.it\/wp-content\/uploads\/2025\/11\/Console-Generale-1-300x225.jpg\" alt=\"\" width=\"300\" height=\"225\" srcset=\"https:\/\/conscapodistria.esteri.it\/wp-content\/uploads\/2025\/11\/Console-Generale-1-300x225.jpg 300w, https:\/\/conscapodistria.esteri.it\/wp-content\/uploads\/2025\/11\/Console-Generale-1.jpg 640w\" sizes=\"auto, (max-width: 300px) 100vw, 300px\" \/><\/p>\n<p style=\"text-align: center;\">Generalni konzul<\/p>\n<p style=\"text-align: center;\"><strong>Simona CIUFFONI<\/strong><\/p>\n<p style=\"text-align: left;\">Rojena je bila v Rimu, diplomirala pa je iz politi\u010dnih ved leta 1989 na univerzi La Sapienza v Rimu.<\/p>\n<p>Takoj po diplomi je opravila specializacijo na podro\u010dju ekonomskih ved in leta 1995 doktorirala iz zgodovine politi\u010dnih institucij na univerzi La Sapienza v Rimu.<\/p>\n<p>Hkrati je 22. septembra 1994, po uspe\u0161nem izobra\u017eevanju na Dr\u017eavni \u0161oli za upravo (nekdanji Vi\u0161ji \u0161oli za javno upravo), postala funkcionarka na takratnem Ministrstvu za zunanjo trgovino, kjer se je ukvarjala z razli\u010dnimi vpra\u0161anji, povezanimi z mednarodno trgovino.<\/p>\n<p>Septembra 2010 je bila, po uspe\u0161no opravljenem izobra\u017eevanju za vodstvene kadre na Dr\u017eavni \u0161oli za upravo, imenovana za administrativno vodjo in dodeljena Ministrstvu za zunanje zadeve in mednarodno sodelovanje, kot vodja III. urada generalnega direktorata za Italijane v tujini in migracijsko politiko (DGIT).<\/p>\n<p>Avgusta 2014 je postala vodja medresorskega upravnega centra za Avstrijo, \u0160vico, Mad\u017earsko in Slovenijo na Veleposlani\u0161tvu Italije na Dunaju.<\/p>\n<p>V letu 2018 je nekaj \u010dasa opravljala funkcijo ministrske svetovalke z nalogami vodje svetovanja, raziskovanja in \u0161tudij pri DGIT, nato pa je bila imenovana za vodjo I. urada na generalnem direktoratu za upravo, informatiko in komunikacije (DGAI).<\/p>\n<ol start=\"19\">\n<li>septembra 2025 je nastopila funkcijo generalne konzulke Italije v Kopru.<\/li>\n<\/ol>\n<p>&nbsp;<\/p>\n<p style=\"padding-left: 40px;\"><em>Dosedanji predstavniki Italijanske Vlade in Konzuli v Kopru:<\/em><\/p>\n<p style=\"padding-left: 40px;\">Guido ZECCHIN, Predstavnik Italijanske Vlade, 25\/04\/1956<\/p>\n<p style=\"padding-left: 40px;\">Amedeo CERCHIONE, Predstavnik Italijanske Vlade, 23\/01\/1964<\/p>\n<p style=\"padding-left: 40px;\">Mario Michele ALESSI, Konzul, 31\/07\/1967<\/p>\n<p style=\"padding-left: 40px;\">Onofrio Gennaro MESSINA, Generalni konzul, 11\/07\/1970<\/p>\n<p style=\"padding-left: 40px;\">Gianfranco FACCO BONETTI, Konzul, 30\/04\/1975<\/p>\n<p style=\"padding-left: 40px;\">Francesco LABBRUZZO, Generalni konzul, 12\/11\/1977<\/p>\n<p style=\"padding-left: 40px;\">Valeria SPINELLI CATANI, Konzulka, 11\/02\/1980<\/p>\n<p style=\"padding-left: 40px;\">Ludovico TASSONI ESTENSE di CASTELVECCHIO, Generalni konzul, 27\/08\/1981<\/p>\n<p style=\"padding-left: 40px;\">Felice SCAUSO, Generalni konzul, 10\/10\/1985<\/p>\n<p style=\"padding-left: 40px;\">Maurizio LO RE, Generalni konzul, 15\/03\/1990<\/p>\n<p style=\"padding-left: 40px;\">Luigi SOLARI, Generalni konzul, 15\/11\/1991<\/p>\n<p style=\"padding-left: 40px;\">Michele ESPOSITO, Namestnik Generalnega konzula, 06\/10\/1993,<\/p>\n<p style=\"padding-left: 40px;\">Rosa Maria CHICCO FERRARO, Generalna konzulka, 04\/04\/1998<\/p>\n<p style=\"padding-left: 40px;\">Bruno SCAPINI, Generalni konzul, 06\/08\/2001<\/p>\n<p style=\"padding-left: 40px;\">Carlo GAMBACURTA, Generalni konzul, 05\/09\/2005<\/p>\n<p style=\"padding-left: 40px;\">Marina SIMEONI, Generalna konzulka, 01\/07\/2009<\/p>\n<p style=\"padding-left: 40px;\">Maria Cristina ANTONELLI, Generalna konzulka, 30\/10\/2012<\/p>\n<p style=\"padding-left: 40px;\">Iva PALMIERI, Generalna konzulka, 03\/11\/2014<\/p>\n<p style=\"padding-left: 40px;\">Giuseppe D\u2019AGOSTO, Generalni konzul, 11\/12\/2017<\/p>\n<p style=\"padding-left: 40px;\">Giovanni COVIELLO, Generalni konzul, 01\/10\/2021<\/p>\n<p>\u00a0 \u00a0 \u00a0 \u00a0 \u00a0 Simona CIUFFONI, Generalni konsul, 19\/11\/2025<\/p>\n","protected":false},"excerpt":{"rendered":"Generalni konzul Simona CIUFFONI Rojena je bila v Rimu, diplomirala pa je iz politi\u010dnih ved leta 1989 na univerzi La Sapienza v Rimu. Takoj po diplomi je opravila specializacijo na podro\u010dju ekonomskih ved in leta 1995 doktorirala iz zgodovine politi\u010dnih institucij na univerzi La Sapienza v Rimu. Hkrati je 22. septembra 1994, po uspe\u0161nem izobra\u017eevanju [&hellip;]","protected":false},"author":1,"featured_media":0,"parent":236,"menu_order":0,"comment_status":"closed","ping_status":"closed","template":"","meta":{"footnotes":""},"class_list":["post-247","page","type-page","status-publish","hentry"],"_links":{"self":[{"href":"https:\/\/conscapodistria.esteri.it\/sl\/wp-json\/wp\/v2\/pages\/247","targetHints":{"allow":["GET"]}}],"collection":[{"href":"https:\/\/conscapodistria.esteri.it\/sl\/wp-json\/wp\/v2\/pages"}],"about":[{"href":"https:\/\/conscapodistria.esteri.it\/sl\/wp-json\/wp\/v2\/types\/page"}],"author":[{"embeddable":true,"href":"https:\/\/conscapodistria.esteri.it\/sl\/wp-json\/wp\/v2\/users\/1"}],"replies":[{"embeddable":true,"href":"https:\/\/conscapodistria.esteri.it\/sl\/wp-json\/wp\/v2\/comments?post=247"}],"version-history":[{"count":7,"href":"https:\/\/conscapodistria.esteri.it\/sl\/wp-json\/wp\/v2\/pages\/247\/revisions"}],"predecessor-version":[{"id":2103,"href":"https:\/\/conscapodistria.esteri.it\/sl\/wp-json\/wp\/v2\/pages\/247\/revisions\/2103"}],"up":[{"embeddable":true,"href":"https:\/\/conscapodistria.esteri.it\/sl\/wp-json\/wp\/v2\/pages\/236"}],"wp:attachment":[{"href":"https:\/\/conscapodistria.esteri.it\/sl\/wp-json\/wp\/v2\/media?parent=247"}],"curies":[{"name":"wp","href":"https:\/\/api.w.org\/{rel}","templated":true}]}}