{"id":241,"date":"2023-04-03T18:25:01","date_gmt":"2023-04-03T16:25:01","guid":{"rendered":"https:\/\/conscapodistria.esteri.it\/news\/"},"modified":"2023-05-16T15:11:06","modified_gmt":"2023-05-16T13:11:06","slug":"news","status":"publish","type":"page","link":"https:\/\/conscapodistria.esteri.it\/sl\/news\/","title":{"rendered":"Novice"},"content":{"rendered":"        <div class=\"row\">\n\t\t\t<!-- Ricerca sedi post -->\n\t\t\t<div class=\"col-12 mt-4\">\n\t\t\t  <div class=\"callout callout-highlight note ricerca-esteri p-4\">\n                    <div class=\"callout-title\">\n                        <svg class=\"icon\">\n                            <use xlink:href=\"https:\/\/conscapodistria.esteri.it\/wp-content\/themes\/sedi-tema\/assets\/svg\/sprites.svg#it-search\"><\/use>\n                        <\/svg>Vnesite iskalne parametre                    <\/div>\n                    <form id=\"searchFormPost\" name=\"form-search-post\" class=\"form-row align-items-center\" action=\"https:\/\/conscapodistria.esteri.it\/sl\/wp-json\/wp\/v2\/pages\/241\/\" method=\"GET\"> \n                        <!-- <div class=\"form-group pt-5\"> -->\n                            <!-- <input type=\"hidden\" id=\"lang\" name=\"lang\" value=\"\"> --> <!-- <\/div> -->\n\n                        <div class=\"it-datepicker-wrapper\">\n                            <div class=\"row\">\n                                <div class=\"form-group col-md-6\">\n                                    <label class=\"active\" for=\"date-init\">Iz<\/label>\n                                    <input class=\"form-control\" name=\"date-init\" id=\"date-init\" type=\"date\" placeholder=\"gg\/mm\/aaaa\" value=\"\"lang=\"en-EN\">  \n                                <\/div>\n                                <div class=\"form-group col-md-6\">\n                                    <label class=\"active\" for=\"date-end\">Za<\/label>\n                                    <input class=\"form-control\" name=\"date-end\" id=\"date-end\" type=\"date\" placeholder=\"gg\/mm\/aaaa\" value=\"\">\n                                <\/div>\n                            <\/div>\n                        <\/div>\n                        <div class=\"form-group col-md-12 mt-3\">\n                            <label for=\"searchText\">Brezpla\u010dno iskalno polje<\/label>\n                            <input type=\"text\" name=\"searchText\" class=\"form-control\" id=\"searchText\" value=\"\">\n                        <\/div>\n                        <div class=\"form-group col-md-4 offset-md-8 text-end\">\n                            <a href=\"https:\/\/conscapodistria.esteri.it\/sl\/news\/\" title=\"Form reset\" id=\"resetImput\" class=\"btn btn-outline-primary btn-xs\">Reset<\/a>\n                            <button type=\"submit\" class=\"btn btn-primary btn-xs\">Poka\u017ei rezultate<\/button>\n                        <\/div>\n                    <\/form>\n\t\t\t\t<\/div>\n\t\t\t<\/div>\n\t\t<\/div>\n                    \n            <div class=\"row\">\n                            <div class=\"col-12 mt-3\">\n                <!--start card-->\n                <div class=\"card-wrapper card-space\">\n                    <div class=\"card card-bg card-big border-bottom-card\">\n                        <div class=\"card-body \">\n                                                        <div class=\"category-top\">\n                                                                                                            <span class=\"\">\n                                        <svg class=\"icon icon-secondary\">\n                                            <use xlink:href=\"https:\/\/conscapodistria.esteri.it\/wp-content\/themes\/sedi-tema\/assets\/svg\/sprites.svg#it-calendar\"><\/use>\n                                        <\/svg> 17 aprila 2025                                    <\/span>\n                                                                    <\/div>\n                            <h5 class=\"card-title big-heading text-uppercase\"><a class=\"text-body text-decoration-none\" href=\"https:\/\/conscapodistria.esteri.it\/sl\/news\/dal_consolato\/2025\/04\/immatricolazione-ai-corsi-della-formazione-superiore-in-italia-per-studenti-internazionali-anno-accademico-2025-2026\/\" title=\"Vpis v visoko\u0161olske \u0161tudijske programe v Italiji za mednarodne \u0161tudente, \u0161tudijsko leto 2025\/2026\">Vpis v visoko\u0161olske \u0161tudijske programe v Italiji za mednarodne \u0161tudente, \u0161tudijsko leto 2025\/2026<\/a><\/h5>\n                            <p class=\"card-text\">Italijansko Ministrstvo za izobra\u017eevanje je objavilo informacije o postopkih za vpis v visoko\u0161olske \u0161tudijske programe in bivanje mednarodnih \u0161tudentov v Italiji za akademsko leto 2025-2026. Ve\u010d informacij o tem je na naslednjih spletnih straneh (tudi v angle\u0161kem jeziku): Studenti stranieri Universitaly<\/p>\n                                <a title=\"Vpis v visoko\u0161olske \u0161tudijske programe v Italiji za mednarodne \u0161tudente, \u0161tudijsko leto 2025\/2026\" class=\"read-more\" href=\"https:\/\/conscapodistria.esteri.it\/sl\/news\/dal_consolato\/2025\/04\/immatricolazione-ai-corsi-della-formazione-superiore-in-italia-per-studenti-internazionali-anno-accademico-2025-2026\/\">\n                                    <span class=\"text\">Preberi ve\u010d<\/span>\n                                    <svg class=\"icon\">\n                                    <use xlink:href=\"https:\/\/conscapodistria.esteri.it\/wp-content\/themes\/sedi-tema\/assets\/svg\/sprites.svg#it-arrow-right\"><\/use>\n                                    <\/svg>\n                                <\/a>\n                                                    <\/div>\n                    <\/div>\n                <\/div>\n                <!--end card-->\n                <\/div><!-- col-12 .mt-3-->\n                            <div class=\"col-12 mt-3\">\n                <!--start card-->\n                <div class=\"card-wrapper card-space\">\n                    <div class=\"card card-bg card-big border-bottom-card\">\n                        <div class=\"card-body \">\n                                                        <div class=\"category-top\">\n                                                                                                            <span class=\"\">\n                                        <svg class=\"icon icon-secondary\">\n                                            <use xlink:href=\"https:\/\/conscapodistria.esteri.it\/wp-content\/themes\/sedi-tema\/assets\/svg\/sprites.svg#it-calendar\"><\/use>\n                                        <\/svg> 28 avgusta 2018                                    <\/span>\n                                                                    <\/div>\n                            <h5 class=\"card-title big-heading text-uppercase\"><a class=\"text-body text-decoration-none\" href=\"https:\/\/conscapodistria.esteri.it\/sl\/news\/dal_consolato\/2018\/08\/agenzia-del-demanio-bandi-nel-quadro\/\" title=\"Razpis &#8220;Fari, Torri ed Edifici Costieri&#8221; in &#8220;Cammini e Percorsi&#8221;\">Razpis &#8220;Fari, Torri ed Edifici Costieri&#8221; in &#8220;Cammini e Percorsi&#8221;<\/a><\/h5>\n                            <p class=\"card-text\">Italijansko Ministrstvo za gospodarstvo in finance je preko svoje Agencije za upravljanje z dr\u017eavno lastnino leta 2013 pri\u010dela promovirati iniciativo \u00bbValore Paese\u00ab, s\u00a0katero \u017eeli ohraniti in obnoviti svoje nepremi\u010dnine ter prispevati k razvoju dolo\u010denih obmo\u010dji tako v ekonomskem kot socialnem smislu. V sklopu iniciative sta nastala programa \u00bbSvetilniki in obmorske zgradbe\u00ab (Fari, Torri ed Edifici [&hellip;]<\/p>\n                                <a title=\"Razpis &#8220;Fari, Torri ed Edifici Costieri&#8221; in &#8220;Cammini e Percorsi&#8221;\" class=\"read-more\" href=\"https:\/\/conscapodistria.esteri.it\/sl\/news\/dal_consolato\/2018\/08\/agenzia-del-demanio-bandi-nel-quadro\/\">\n                                    <span class=\"text\">Preberi ve\u010d<\/span>\n                                    <svg class=\"icon\">\n                                    <use xlink:href=\"https:\/\/conscapodistria.esteri.it\/wp-content\/themes\/sedi-tema\/assets\/svg\/sprites.svg#it-arrow-right\"><\/use>\n                                    <\/svg>\n                                <\/a>\n                                                    <\/div>\n                    <\/div>\n                <\/div>\n                <!--end card-->\n                <\/div><!-- col-12 .mt-3-->\n                            <div class=\"col-12 mt-3\">\n                <!--start card-->\n                <div class=\"card-wrapper card-space\">\n                    <div class=\"card card-bg card-big border-bottom-card\">\n                        <div class=\"card-body \">\n                                                        <div class=\"category-top\">\n                                                                                                            <span class=\"\">\n                                        <svg class=\"icon icon-secondary\">\n                                            <use xlink:href=\"https:\/\/conscapodistria.esteri.it\/wp-content\/themes\/sedi-tema\/assets\/svg\/sprites.svg#it-calendar\"><\/use>\n                                        <\/svg> 10 avgusta 2018                                    <\/span>\n                                                                    <\/div>\n                            <h5 class=\"card-title big-heading text-uppercase\"><a class=\"text-body text-decoration-none\" href=\"https:\/\/conscapodistria.esteri.it\/sl\/news\/dal_consolato\/2018\/08\/scadenze-relative-ai-c-d-conti\/\" title=\"Mirujo\u010di ban\u010dni ra\u010duni &#8211; zapadlost rokov\">Mirujo\u010di ban\u010dni ra\u010duni &#8211; zapadlost rokov<\/a><\/h5>\n                            <p class=\"card-text\">Italijanskim dr\u017eavljanom v tujini sporo\u010damo, da bodo t. i. mirujo\u010di ban\u010dni ra\u010duni oz. finan\u010dna pogodbena razmerja z bankami za zneske v vi\u0161ini najmanj 100 Evrov, ki mirujejo \u017ee vsaj 10 let, zapadli. Gre za depozite denarja, hranilnih knji\u017eic, teko\u010dih ra\u010dunov (tudi po\u0161tnih), delnic, obveznic ali dr\u017eavnih obveznic. \u010ce 10 let ni bil opravljen noben posel, [&hellip;]<\/p>\n                                <a title=\"Mirujo\u010di ban\u010dni ra\u010duni &#8211; zapadlost rokov\" class=\"read-more\" href=\"https:\/\/conscapodistria.esteri.it\/sl\/news\/dal_consolato\/2018\/08\/scadenze-relative-ai-c-d-conti\/\">\n                                    <span class=\"text\">Preberi ve\u010d<\/span>\n                                    <svg class=\"icon\">\n                                    <use xlink:href=\"https:\/\/conscapodistria.esteri.it\/wp-content\/themes\/sedi-tema\/assets\/svg\/sprites.svg#it-arrow-right\"><\/use>\n                                    <\/svg>\n                                <\/a>\n                                                    <\/div>\n                    <\/div>\n                <\/div>\n                <!--end card-->\n                <\/div><!-- col-12 .mt-3-->\n                            <div class=\"col-12 mt-3\">\n                <!--start card-->\n                <div class=\"card-wrapper card-space\">\n                    <div class=\"card card-bg card-big border-bottom-card\">\n                        <div class=\"card-body \">\n                                                        <div class=\"category-top\">\n                                                                                                            <span class=\"\">\n                                        <svg class=\"icon icon-secondary\">\n                                            <use xlink:href=\"https:\/\/conscapodistria.esteri.it\/wp-content\/themes\/sedi-tema\/assets\/svg\/sprites.svg#it-calendar\"><\/use>\n                                        <\/svg> 4 julija 2014                                    <\/span>\n                                                                    <\/div>\n                            <h5 class=\"card-title big-heading text-uppercase\"><a class=\"text-body text-decoration-none\" href=\"https:\/\/conscapodistria.esteri.it\/sl\/news\/dal_consolato\/2014\/07\/turisti\/\" title=\"Obvestilo za italijanske turiste\">Obvestilo za italijanske turiste<\/a><\/h5>\n                            <p class=\"card-text\">informacije v italijanskem jeziku<\/p>\n                                <a title=\"Obvestilo za italijanske turiste\" class=\"read-more\" href=\"https:\/\/conscapodistria.esteri.it\/sl\/news\/dal_consolato\/2014\/07\/turisti\/\">\n                                    <span class=\"text\">Preberi ve\u010d<\/span>\n                                    <svg class=\"icon\">\n                                    <use xlink:href=\"https:\/\/conscapodistria.esteri.it\/wp-content\/themes\/sedi-tema\/assets\/svg\/sprites.svg#it-arrow-right\"><\/use>\n                                    <\/svg>\n                                <\/a>\n                                                    <\/div>\n                    <\/div>\n                <\/div>\n                <!--end card-->\n                <\/div><!-- col-12 .mt-3-->\n                            <div class=\"col-12 mt-3\">\n                <!--start card-->\n                <div class=\"card-wrapper card-space\">\n                    <div class=\"card card-bg card-big border-bottom-card\">\n                        <div class=\"card-body \">\n                                                        <div class=\"category-top\">\n                                                                                                            <span class=\"\">\n                                        <svg class=\"icon icon-secondary\">\n                                            <use xlink:href=\"https:\/\/conscapodistria.esteri.it\/wp-content\/themes\/sedi-tema\/assets\/svg\/sprites.svg#it-calendar\"><\/use>\n                                        <\/svg> 11 septembra 2013                                    <\/span>\n                                                                    <\/div>\n                            <h5 class=\"card-title big-heading text-uppercase\"><a class=\"text-body text-decoration-none\" href=\"https:\/\/conscapodistria.esteri.it\/sl\/news\/dal_consolato\/2013\/09\/pensionati-avvio-della-verifica-esistenza-in-vita-2013-2\/\" title=\"Potrdilo o \u017eivetju upokojencev za leto 2013\">Potrdilo o \u017eivetju upokojencev za leto 2013<\/a><\/h5>\n                            <p class=\"card-text\">Citibank bo od septembra dalje pri\u010dela ugotavljati \u017eivetje upokojencev ter jim zato poslala na dom po\u0161iljko z obrazcem o dokazovanju \u017eivetja. V njem bodo upokojenci morali navesti vpisno \u0161tevilko pokojnine ter se podpisati. Prilo\u017een bo tudi seznam poklicnih profilov, ki so v posameznih dr\u017eavah poobla\u0161\u010deni za overitev navedenega potrdila. Pomembno: \u010de je upokojenec v te\u017ekem [&hellip;]<\/p>\n                                <a title=\"Potrdilo o \u017eivetju upokojencev za leto 2013\" class=\"read-more\" href=\"https:\/\/conscapodistria.esteri.it\/sl\/news\/dal_consolato\/2013\/09\/pensionati-avvio-della-verifica-esistenza-in-vita-2013-2\/\">\n                                    <span class=\"text\">Preberi ve\u010d<\/span>\n                                    <svg class=\"icon\">\n                                    <use xlink:href=\"https:\/\/conscapodistria.esteri.it\/wp-content\/themes\/sedi-tema\/assets\/svg\/sprites.svg#it-arrow-right\"><\/use>\n                                    <\/svg>\n                                <\/a>\n                                                    <\/div>\n                    <\/div>\n                <\/div>\n                <!--end card-->\n                <\/div><!-- col-12 .mt-3-->\n            \n            <div class=\"col-md-12 mt-4 pb-4\">\n                <nav class=\"navigation col-md-12\" aria-label=\"Navigation\">\n                    <h2 class=\"screen-reader-text visually-hidden\">Paginacija<\/h2>\n                    <div class=\"nav-links\">\n                                        <\/div>\n                <\/nav>\n            <\/div>   <!--.col-md-12 -->\n              <\/div><!--.row -->\n              \n","protected":false},"excerpt":{"rendered":"","protected":false},"author":1,"featured_media":0,"parent":0,"menu_order":10,"comment_status":"closed","ping_status":"closed","template":"","meta":{"footnotes":""},"class_list":["post-241","page","type-page","status-publish","hentry"],"_links":{"self":[{"href":"https:\/\/conscapodistria.esteri.it\/sl\/wp-json\/wp\/v2\/pages\/241","targetHints":{"allow":["GET"]}}],"collection":[{"href":"https:\/\/conscapodistria.esteri.it\/sl\/wp-json\/wp\/v2\/pages"}],"about":[{"href":"https:\/\/conscapodistria.esteri.it\/sl\/wp-json\/wp\/v2\/types\/page"}],"author":[{"embeddable":true,"href":"https:\/\/conscapodistria.esteri.it\/sl\/wp-json\/wp\/v2\/users\/1"}],"replies":[{"embeddable":true,"href":"https:\/\/conscapodistria.esteri.it\/sl\/wp-json\/wp\/v2\/comments?post=241"}],"version-history":[{"count":0,"href":"https:\/\/conscapodistria.esteri.it\/sl\/wp-json\/wp\/v2\/pages\/241\/revisions"}],"wp:attachment":[{"href":"https:\/\/conscapodistria.esteri.it\/sl\/wp-json\/wp\/v2\/media?parent=241"}],"curies":[{"name":"wp","href":"https:\/\/api.w.org\/{rel}","templated":true}]}}