{"id":236,"date":"2023-04-03T18:23:20","date_gmt":"2023-04-03T16:23:20","guid":{"rendered":"https:\/\/conscapodistria.esteri.it\/chi-siamo\/"},"modified":"2024-07-04T14:38:16","modified_gmt":"2024-07-04T12:38:16","slug":"chi-siamo","status":"publish","type":"page","link":"https:\/\/conscapodistria.esteri.it\/sl\/chi-siamo\/","title":{"rendered":"Kdo smo"},"content":{"rendered":"<p>GENERALNI KONZULAT ITALIJE V KOPRU<br \/>\nBelveder 2<br \/>\n6000 Koper Capodistria<\/p>\n<p>telefon +386 5 6273 747<br \/>\nsamo za nujne primere izven uradnih ur: +386 64 298 224<\/p>\n<p>Uradne ure Generalnega konzulata so od ponedeljka do petka od 9.00 do 11.00, vendar se je potrebno prej naro\u010diti na elektronski naslov:<\/p>\n<p style=\"padding-left: 40px;\">capodistria.consolare@esteri.it<\/p>\n<p style=\"padding-left: 40px;\">ali poklicati na telefonsko \u0161tevilko +386 5 6273 747.<\/p>\n<p>Na telefonu smo dosegljivi od ponedeljka do petka med 11.00 in 13.00 uro ter od 14.00 do 16.00.<\/p>\n<p>V pristojnosti Generalnega konzulata Italije v Kopru so obmo\u010dja naslednjih ob\u010din: Ajdov\u0161\u010dina, Bovec, Brda, Cerkno, Diva\u010da, Hrpelje-Kozina, Idrija, Ilirska Bistrica, Izola, Kanal, Kobarid, Komen, Koper, Miren-Kostanjevica, Nova Gorica, Piran, Pivka, Postojna, Se\u017eana, \u0160empeter-Vrtojba, Tolmin in Vipava.<\/p>\n","protected":false},"excerpt":{"rendered":"GENERALNI KONZULAT ITALIJE V KOPRU Belveder 2 6000 Koper Capodistria telefon +386 5 6273 747 samo za nujne primere izven uradnih ur: +386 64 298 224 Uradne ure Generalnega konzulata so od ponedeljka do petka od 9.00 do 11.00, vendar se je potrebno prej naro\u010diti na elektronski naslov: capodistria.consolare@esteri.it ali poklicati na telefonsko \u0161tevilko +386 [&hellip;]","protected":false},"author":1,"featured_media":0,"parent":0,"menu_order":2,"comment_status":"closed","ping_status":"closed","template":"","meta":{"footnotes":""},"class_list":["post-236","page","type-page","status-publish","hentry"],"_links":{"self":[{"href":"https:\/\/conscapodistria.esteri.it\/sl\/wp-json\/wp\/v2\/pages\/236","targetHints":{"allow":["GET"]}}],"collection":[{"href":"https:\/\/conscapodistria.esteri.it\/sl\/wp-json\/wp\/v2\/pages"}],"about":[{"href":"https:\/\/conscapodistria.esteri.it\/sl\/wp-json\/wp\/v2\/types\/page"}],"author":[{"embeddable":true,"href":"https:\/\/conscapodistria.esteri.it\/sl\/wp-json\/wp\/v2\/users\/1"}],"replies":[{"embeddable":true,"href":"https:\/\/conscapodistria.esteri.it\/sl\/wp-json\/wp\/v2\/comments?post=236"}],"version-history":[{"count":5,"href":"https:\/\/conscapodistria.esteri.it\/sl\/wp-json\/wp\/v2\/pages\/236\/revisions"}],"predecessor-version":[{"id":1142,"href":"https:\/\/conscapodistria.esteri.it\/sl\/wp-json\/wp\/v2\/pages\/236\/revisions\/1142"}],"wp:attachment":[{"href":"https:\/\/conscapodistria.esteri.it\/sl\/wp-json\/wp\/v2\/media?parent=236"}],"curies":[{"name":"wp","href":"https:\/\/api.w.org\/{rel}","templated":true}]}}