{"id":1813,"date":"2025-06-19T14:07:19","date_gmt":"2025-06-19T12:07:19","guid":{"rendered":"https:\/\/conscapodistria.esteri.it\/?page_id=1813"},"modified":"2026-02-12T16:56:10","modified_gmt":"2026-02-12T14:56:10","slug":"italijanska-davcna-stevilka-codice-fiscale","status":"publish","type":"page","link":"https:\/\/conscapodistria.esteri.it\/sl\/servizi-consolari-e-visti\/servizi-per-il-cittadino-straniero\/italijanska-davcna-stevilka-codice-fiscale\/","title":{"rendered":"Italijanska dav\u010dna \u0161tevilka &#8211; Codice Fiscale"},"content":{"rendered":"<p style=\"text-align: justify;\"><strong><em>Informacije o italijanski dav\u010dni \u0161tevilki za tuje dr\u017eavljane\u00a0<\/em><\/strong><\/p>\n<p style=\"text-align: justify;\">Ministrska uredba \u0161t. 281 z dne 17. 5. 2001 dolo\u010da, da lahko tuji dr\u017eavljani vlo\u017eijo zahtevo za dodelitev dav\u010dne \u0161tevilke na vsakem uradu <a href=\"https:\/\/www.agenziaentrate.gov.it\/portale\/\">Agencije za javne prihodke<\/a>, tudi preko poobla\u0161\u010denca. Naslovi uradov Agencije za javne prihodke so na voljo <a href=\"https:\/\/www.agenziaentrate.gov.it\/portale\/siti-web-regionali\">na tej povezavi<\/a>.<\/p>\n<p style=\"text-align: justify;\">Tuji \u0161tudenti (dr\u017eavljani EU) pridobijo dav\u010dno \u0161tevilko v Italiji na Agenciji za javne prihodke, tuji \u0161tudenti, ki niso dr\u017eavljani EU, pa pridobijo dav\u010dno \u0161tevilko ob oddaji vloge za dovoljenje za prebivanje na Policijski upravi v Italiji, kot je objavljeno na spletni strani <a href=\"https:\/\/www.agenziaentrate.gov.it\/portale\/mini-guida-codice-fiscale-per-stranieri\">Agencije za javne prihodke &#8211; dav\u010dna \u0161tevilka za tujce mini-vodi\u010d <\/a><\/p>\n<p style=\"text-align: justify;\">Tuji dr\u017eavljan, ki potrebuje dav\u010dno \u0161tevilko zaradi nakupa nepremi\u010dnine oziroma sklepanja drugih poslov v Italiji, lahko pridobi dav\u010dno \u0161tevilko preko svojega poobla\u0161\u010denca (npr. nepremi\u010dninskega agenta ali notarja), ki bo podal vlogo na Agenciji za javne prihodke.<\/p>\n<p style=\"text-align: justify;\">Dr\u017eavljan Evropske skupnosti, ki namerava prebivati v Italiji, lahko pridobi dav\u010dno \u0161tevilko na izpostavah Agencije za javne prihodke na podlagi izpolnjenega <a href=\"https:\/\/conscapodistria.esteri.it\/wp-content\/uploads\/2025\/06\/Modello-ITA-SLO.pdf\">obrazca AA4\/8<\/a>. V vlogi je potrebno navesti razloge za podano zahtevo ter prilo\u017eiti veljaven osebni dokument (osebno izkaznico ali potni list).<\/p>\n<p style=\"text-align: justify;\">Tuji dr\u017eavljan, ki potrebuje dav\u010dno \u0161tevilko za sodne postopke v Italiji, lahko v pooblastilu odvetniku navede, naj zanj pridobi tudi dav\u010dno \u0161tevilko.<\/p>\n<p style=\"text-align: right;\"><span style=\"color: #333399;\"><em>Zadnja sprememba: 23. 6. 2025<\/em><\/span><\/p>\n<p>&nbsp;<\/p>\n","protected":false},"excerpt":{"rendered":"Informacije o italijanski dav\u010dni \u0161tevilki za tuje dr\u017eavljane\u00a0 Ministrska uredba \u0161t. 281 z dne 17. 5. 2001 dolo\u010da, da lahko tuji dr\u017eavljani vlo\u017eijo zahtevo za dodelitev dav\u010dne \u0161tevilke na vsakem uradu Agencije za javne prihodke, tudi preko poobla\u0161\u010denca. Naslovi uradov Agencije za javne prihodke so na voljo na tej povezavi. Tuji \u0161tudenti (dr\u017eavljani EU) pridobijo [&hellip;]","protected":false},"author":3,"featured_media":0,"parent":296,"menu_order":0,"comment_status":"closed","ping_status":"closed","template":"","meta":{"footnotes":""},"class_list":["post-1813","page","type-page","status-publish","hentry"],"_links":{"self":[{"href":"https:\/\/conscapodistria.esteri.it\/sl\/wp-json\/wp\/v2\/pages\/1813","targetHints":{"allow":["GET"]}}],"collection":[{"href":"https:\/\/conscapodistria.esteri.it\/sl\/wp-json\/wp\/v2\/pages"}],"about":[{"href":"https:\/\/conscapodistria.esteri.it\/sl\/wp-json\/wp\/v2\/types\/page"}],"author":[{"embeddable":true,"href":"https:\/\/conscapodistria.esteri.it\/sl\/wp-json\/wp\/v2\/users\/3"}],"replies":[{"embeddable":true,"href":"https:\/\/conscapodistria.esteri.it\/sl\/wp-json\/wp\/v2\/comments?post=1813"}],"version-history":[{"count":7,"href":"https:\/\/conscapodistria.esteri.it\/sl\/wp-json\/wp\/v2\/pages\/1813\/revisions"}],"predecessor-version":[{"id":2471,"href":"https:\/\/conscapodistria.esteri.it\/sl\/wp-json\/wp\/v2\/pages\/1813\/revisions\/2471"}],"up":[{"embeddable":true,"href":"https:\/\/conscapodistria.esteri.it\/sl\/wp-json\/wp\/v2\/pages\/296"}],"wp:attachment":[{"href":"https:\/\/conscapodistria.esteri.it\/sl\/wp-json\/wp\/v2\/media?parent=1813"}],"curies":[{"name":"wp","href":"https:\/\/api.w.org\/{rel}","templated":true}]}}