{"id":84,"date":"2023-04-03T19:28:33","date_gmt":"2023-04-03T17:28:33","guid":{"rendered":"https:\/\/consolatozurigo.esteri.it\/?page_id=84"},"modified":"2025-12-09T16:45:01","modified_gmt":"2025-12-09T14:45:01","slug":"emergency-travel-documents-etd","status":"publish","type":"page","link":"https:\/\/conscapodistria.esteri.it\/it\/servizi-consolari-e-visti\/servizi-per-il-cittadino-italiano\/emergency-travel-documents-etd\/","title":{"rendered":"Emergency Travel Documents (EU-ETD)"},"content":{"rendered":"<p><strong>DOCUMENTO DI VIAGGIO PROVVISORIO (EU-E.T.D.)<\/strong><\/p>\n<p>In caso di furto o smarrimento di documenti il Consolato Generale pu\u00f2 rilasciare un documento di viaggio provvisorio (EU-E.T.D. \u2013 Emergency Travel Document), emesso per il tempo strettamente necessario a raggiungere l\u2019Italia, il Paese di stabile residenza o, in casi eccezionali, una diversa destinazione.<\/p>\n<p>Ai sensi della normativa vigente, l\u2019EU-E.T.D. ha una validit\u00e0 pari alla durata del viaggio per il quale \u00e8 stato rilasciato, per un massimo di quindici giorni.<\/p>\n<p>La domanda di EU-E.T.D. \u00e8 presentata al Consolato mediante apposito modulo, corredata dalla seguente documentazione:<\/p>\n<ol>\n<li><em>denuncia di smarrimento o furto del passaporto o di altro documento di viaggio, resa al Consolato ai sensi degli articoli 46 e 47 e con le avvertenze di cui all\u2019art. 76 del D.P.R. 445\/2000;<\/em><\/li>\n<li><em>denuncia del furto o dello smarrimento o della distruzione del passaporto o di altro documento di viaggio alle locali autorit\u00e0 di polizia; <\/em><\/li>\n<li><em>una fotografia dell\u2019interessato (frontale, a colori formato 35 x 45 mm, con fondo semplice, uniforme e di colore chiaro);<\/em><\/li>\n<li><em>titolo di viaggio del richiedente;<\/em><\/li>\n<li><em>ricevuta delle eventuali spese di spedizione qualora l\u2019interessato non possa recarsi personalmente a ritirare il documento.<\/em><\/li>\n<\/ol>\n<p>Il Consolato provveder\u00e0 al rilascio dopo aver esperito gli accertamenti del caso.<\/p>\n<p>Nel fine settimana e nei festivi non sar\u00e0 possibile rilasciare gli EU-E.T.D. se non in casi di comprovata emergenza e gravit\u00e0. A tal fine occorrer\u00e0 segnalare la propria richiesta al funzionario di turno del Consolato (00386 64 298224).<\/p>\n<p>In caso di rilascio nel fine settimana e nei giorni festivi, potranno essere richiesti i diritti di urgenza (Euro 50,00).<\/p>\n<p>In generale \u00e8 consigliabile conservare, in un luogo diverso da quello in cui si custodiscono i documenti originali, una fotocopia dei documenti pi\u00f9 importanti (es. passaporto, carta d\u2019identit\u00e0) per facilitare le procedure di assistenza in caso di furto o smarrimento.<\/p>\n<p>L\u2019EU-E.T.D. pu\u00f2 essere rilasciato anche a cittadini degli altri Paesi membri dell\u2019Unione europea alle medesime condizioni sopra indicate e previa acquisizione dell\u2019autorizzazione formale da parte di una rappresentanza diplomatico-consolare o del Ministero degli Esteri del Paese di appartenenza del richiedente.<\/p>\n<p><strong>Si rammenta che il beneficiario dell\u2019EU-ETD ha l\u2019obbligo di consegnare<\/strong>, una volta giunto a destinazione, <strong>il documento alla polizia di frontiera o ad altro posto di polizia, indipendentemente dalla validit\u00e0 residua<\/strong>. Qualora il beneficiario di un EU ETD rilasciato da un Ufficio consolare viaggi verso un Paese diverso dall\u2019Italia, il beneficiario ha l\u2019obbligo <strong>restituire il documento all\u2019Ufficio consolare territorialmente competente <\/strong>per la localit\u00e0 di destinazione.<\/p>\n<p><a href=\"https:\/\/conscapodistria.esteri.it\/wp-content\/uploads\/2025\/12\/Formulario-ETD-UE_IT_pubblicato.pdf\">Modulo di domanda per EU-E.T.D.<\/a><!--more--><!--more--><\/p>\n","protected":false},"excerpt":{"rendered":"DOCUMENTO DI VIAGGIO PROVVISORIO (EU-E.T.D.) In caso di furto o smarrimento di documenti il Consolato Generale pu\u00f2 rilasciare un documento di viaggio provvisorio (EU-E.T.D. \u2013 Emergency Travel Document), emesso per il tempo strettamente necessario a raggiungere l\u2019Italia, il Paese di stabile residenza o, in casi eccezionali, una diversa destinazione. Ai sensi della normativa vigente, l\u2019EU-E.T.D. [&hellip;]","protected":false},"author":1,"featured_media":0,"parent":59,"menu_order":10,"comment_status":"closed","ping_status":"closed","template":"","meta":{"footnotes":""},"class_list":["post-84","page","type-page","status-publish","hentry"],"_links":{"self":[{"href":"https:\/\/conscapodistria.esteri.it\/it\/wp-json\/wp\/v2\/pages\/84","targetHints":{"allow":["GET"]}}],"collection":[{"href":"https:\/\/conscapodistria.esteri.it\/it\/wp-json\/wp\/v2\/pages"}],"about":[{"href":"https:\/\/conscapodistria.esteri.it\/it\/wp-json\/wp\/v2\/types\/page"}],"author":[{"embeddable":true,"href":"https:\/\/conscapodistria.esteri.it\/it\/wp-json\/wp\/v2\/users\/1"}],"replies":[{"embeddable":true,"href":"https:\/\/conscapodistria.esteri.it\/it\/wp-json\/wp\/v2\/comments?post=84"}],"version-history":[{"count":6,"href":"https:\/\/conscapodistria.esteri.it\/it\/wp-json\/wp\/v2\/pages\/84\/revisions"}],"predecessor-version":[{"id":2169,"href":"https:\/\/conscapodistria.esteri.it\/it\/wp-json\/wp\/v2\/pages\/84\/revisions\/2169"}],"up":[{"embeddable":true,"href":"https:\/\/conscapodistria.esteri.it\/it\/wp-json\/wp\/v2\/pages\/59"}],"wp:attachment":[{"href":"https:\/\/conscapodistria.esteri.it\/it\/wp-json\/wp\/v2\/media?parent=84"}],"curies":[{"name":"wp","href":"https:\/\/api.w.org\/{rel}","templated":true}]}}