{"id":39,"date":"2023-04-03T19:16:29","date_gmt":"2023-04-03T17:16:29","guid":{"rendered":"https:\/\/consolatozurigo.esteri.it\/?page_id=39"},"modified":"2024-07-04T14:37:15","modified_gmt":"2024-07-04T12:37:15","slug":"la-rete-consolare","status":"publish","type":"page","link":"https:\/\/conscapodistria.esteri.it\/it\/chi-siamo\/la-rete-consolare\/","title":{"rendered":"La Rete Consolare"},"content":{"rendered":"<p style=\"text-align: justify;\">La rete diplomatico-consolare italiana in Slovenia comprende l&#8217;Ambasciata a Lubiana ed il Consolato Generale a Capodistria.<\/p>\n<p style=\"text-align: justify;\"><strong>CONSOLATO GENERALE D&#8217;ITALIA CAPODISTRIA<\/strong><br \/>\nBelvedere, 2<br \/>\n6000 Capodistria<br \/>\nSlovenia<\/p>\n<p style=\"text-align: justify;\">telefono: 003865 6273 747<br \/>\ne-mail:\u00a0<a href=\"mailto:consgen.capodistria@esteri.it\">consgen.capodistria@esteri.it<\/a><br \/>\ncellulare: 00 386 64 298 224 (da utilizzare fuori dell&#8217;orario d&#8217;ufficio, solo in caso di gravi emergenze)<\/p>\n<p style=\"text-align: justify;\">Posta Elettronica Certificata: con.capodistria@cert.esteri.it &#8211; indirizzo abilitato esclusivamente alla ricezione di posta elettronica certificata (PEC).<\/p>\n<p style=\"text-align: justify;\">Il Consolato\u00a0Generale\u00a0\u00e8 aperto al pubblico nei giorni feriali<br \/>\ndal luned\u00ec al venerd\u00ec dalle ore 9.00 alle ore 11.00 &#8211; <span style=\"text-align: justify;\"><strong><em>previo appuntamento<\/em><\/strong>, telefonando al numero 00386 5 6273 747 o inviando una e-mail a capodistria.consolare@esteri.it.\u00a0<\/span><\/p>\n<p style=\"text-align: justify;\">Lo sportello consolare risponde alle telefonate dal luned\u00ec al venerd\u00ec nei seguenti orari:<br \/>\ndalle 11.00 alle 13.00 e dalle 14.00 alle 16.00.<\/p>\n<p style=\"text-align: justify;\">Circoscrizione territoriale di competenza: Capodistria\/Koper, Ancarano\/Ankaran, Pirano\/Piran, Isola\/Izola, Se\u017eana, Hrpelje-Kozina, Komen, Diva\u010da, Ilirska Bistrica, Postojna, Pivka, Ajdov\u0161\u010dina, Vipava, Nova Gorica, Ren\u010de-Vogrsko, Miren-Kostanjevica, Brda, Kanal, Idrija, Cerkno, Tolmin, Kobarid, Bovec, \u0160empeter-Vrtojba.<\/p>\n<p>&nbsp;<\/p>\n<p style=\"text-align: justify;\"><strong><a href=\"https:\/\/amblubiana.esteri.it\/ambasciata_lubiana\/it\/\">AMBASCIATA D&#8217;ITALIA A LUBIANA<\/a><\/strong><br \/>\nSne\u017eni\u0161ka ulica 8<br \/>\n1000 Ljubljana<br \/>\nSlovenia<\/p>\n<p>telefono: 00386 1 426 21 94 oppure 00386 1 426 23 20<br \/>\ne-mail: <a href=\"mailto:consolare.lubiana@esteri.it\">consolare.lubiana@esteri.it<\/a><\/p>\n<p style=\"text-align: justify;\">L&#8217;Ambasciata \u00e8 aperta al pubblico nei giorni feriali dal luned\u00ec al venerd\u00ec dalle 9.00 alle ore 11.00. Il centralino risponde dalle 8.00 alle 16.30, nei giorni feriali dal luned\u00ec al venerd\u00ec.<\/p>\n<p style=\"text-align: justify;\">\u00c8 assicurata la reperibilit\u00e0 nei giorni di riposo e festivi al seguente numero: 00 386 41 736773.<\/p>\n<p style=\"text-align: justify;\">La competenza territoriale in materia di affari consolari e visti dell&#8217;Ambasciata \u00e8 l&#8217;intero Paese, ad esclusione dei seguenti comuni: Capodistria\/Koper, Ancarano\/Ankaran, Pirano\/Piran, Isola\/Izola, Se\u017eana, Hrpelje-Kozina, Komen, Diva\u010da, Ilirska Bistrica, Postojna, Pivka, Ajdov\u0161\u010dina, Vipava, Nova Gorica, Ren\u010de-Vogrsko, Miren-Kostanjevica, Brda, Kanal, Idrija, Cerkno, Tolmin, Kobarid, Bovec, \u0160empeter-Vrtojba.<\/p>\n","protected":false},"excerpt":{"rendered":"La rete diplomatico-consolare italiana in Slovenia comprende l&#8217;Ambasciata a Lubiana ed il Consolato Generale a Capodistria. CONSOLATO GENERALE D&#8217;ITALIA CAPODISTRIA Belvedere, 2 6000 Capodistria Slovenia telefono: 003865 6273 747 e-mail:\u00a0consgen.capodistria@esteri.it cellulare: 00 386 64 298 224 (da utilizzare fuori dell&#8217;orario d&#8217;ufficio, solo in caso di gravi emergenze) Posta Elettronica Certificata: con.capodistria@cert.esteri.it &#8211; indirizzo abilitato esclusivamente [&hellip;]","protected":false},"author":1,"featured_media":0,"parent":13,"menu_order":12,"comment_status":"closed","ping_status":"closed","template":"","meta":{"footnotes":""},"class_list":["post-39","page","type-page","status-publish","hentry"],"_links":{"self":[{"href":"https:\/\/conscapodistria.esteri.it\/it\/wp-json\/wp\/v2\/pages\/39","targetHints":{"allow":["GET"]}}],"collection":[{"href":"https:\/\/conscapodistria.esteri.it\/it\/wp-json\/wp\/v2\/pages"}],"about":[{"href":"https:\/\/conscapodistria.esteri.it\/it\/wp-json\/wp\/v2\/types\/page"}],"author":[{"embeddable":true,"href":"https:\/\/conscapodistria.esteri.it\/it\/wp-json\/wp\/v2\/users\/1"}],"replies":[{"embeddable":true,"href":"https:\/\/conscapodistria.esteri.it\/it\/wp-json\/wp\/v2\/comments?post=39"}],"version-history":[{"count":1,"href":"https:\/\/conscapodistria.esteri.it\/it\/wp-json\/wp\/v2\/pages\/39\/revisions"}],"predecessor-version":[{"id":1139,"href":"https:\/\/conscapodistria.esteri.it\/it\/wp-json\/wp\/v2\/pages\/39\/revisions\/1139"}],"up":[{"embeddable":true,"href":"https:\/\/conscapodistria.esteri.it\/it\/wp-json\/wp\/v2\/pages\/13"}],"wp:attachment":[{"href":"https:\/\/conscapodistria.esteri.it\/it\/wp-json\/wp\/v2\/media?parent=39"}],"curies":[{"name":"wp","href":"https:\/\/api.w.org\/{rel}","templated":true}]}}