{"id":38,"date":"2023-04-03T19:16:15","date_gmt":"2023-04-03T17:16:15","guid":{"rendered":"https:\/\/consolatozurigo.esteri.it\/?page_id=38"},"modified":"2025-04-08T13:12:38","modified_gmt":"2025-04-08T11:12:38","slug":"numeri-di-emergenza","status":"publish","type":"page","link":"https:\/\/conscapodistria.esteri.it\/it\/chi-siamo\/numeri-di-emergenza\/","title":{"rendered":"Numeri di emergenza"},"content":{"rendered":"<p><span style=\"color: #ff0000;\"><strong>NUMERO EUROPEO PER EMERGENZE: 112\u00a0<\/strong><\/span><\/p>\n<p style=\"text-align: justify;\">Per situazioni di grave emergenza (e non per informazioni di qualsiasi tipo) si prega di contattare i seguenti numeri, operativi dal luned\u00ec al venerd\u00ec dalle 16.30 alle 22.00 e nei giorni festivi dalle 8.00 alle 22.00:<\/p>\n<p style=\"text-align: justify;\">per la\u00a0<strong>Circoscrizione consolare di Capodistria<\/strong>\u00a0(Capodistria\/Koper, Ancarano\/Ankaran, Pirano\/Piran, Isola\/Izola, Se\u017eana, Hrpelje-Kozina, Komen, Diva\u010da, Ilirska Bistrica, Postojna, Pivka, Ajdov\u0161\u010dina, Vipava, Nova Gorica, Ren\u010de-Vogrsko, Miren-Kostanjevica, Brda, Kanal, Idrija, Cerkno, Tolmin, Kobarid, Bovec, \u0160empeter-Vrtojba)<\/p>\n<p style=\"text-align: justify; padding-left: 40px;\"><strong>00386 64 298 224<\/strong><\/p>\n<p style=\"text-align: justify;\">per la\u00a0<strong>Circoscrizione consolare di Lubiana<\/strong>\u00a0(Repubblica di Slovenia esclusi i Comuni compresi nella circoscrizione territoriale del Consolato Generale in Capodistria)<\/p>\n<p style=\"text-align: justify; padding-left: 40px;\"><strong>00386 41 736 773<\/strong><\/p>\n<p>&nbsp;<\/p>\n<p><span style=\"color: #3366ff;\">Numero della Polizia per le\u00a0emergenza: 113<\/span><\/p>\n<p><a href=\"https:\/\/www.policija.si\/eng\/about-the-police\/organization\/police-directorates\/police-directorate-koper\">Direzione di Polizia di Capodistria<\/a> e <a href=\"https:\/\/www.policija.si\/eng\/about-the-police\/organization\/police-directorates\/police-directorate-nova-gorica\">Direzione di Polizia di Nova Gorica<\/a><\/p>\n<p>&nbsp;<\/p>\n<p>&nbsp;<\/p>\n","protected":false},"excerpt":{"rendered":"NUMERO EUROPEO PER EMERGENZE: 112\u00a0 Per situazioni di grave emergenza (e non per informazioni di qualsiasi tipo) si prega di contattare i seguenti numeri, operativi dal luned\u00ec al venerd\u00ec dalle 16.30 alle 22.00 e nei giorni festivi dalle 8.00 alle 22.00: per la\u00a0Circoscrizione consolare di Capodistria\u00a0(Capodistria\/Koper, Ancarano\/Ankaran, Pirano\/Piran, Isola\/Izola, Se\u017eana, Hrpelje-Kozina, Komen, Diva\u010da, Ilirska Bistrica, [&hellip;]","protected":false},"author":1,"featured_media":0,"parent":13,"menu_order":10,"comment_status":"closed","ping_status":"closed","template":"","meta":{"footnotes":""},"class_list":["post-38","page","type-page","status-publish","hentry"],"_links":{"self":[{"href":"https:\/\/conscapodistria.esteri.it\/it\/wp-json\/wp\/v2\/pages\/38","targetHints":{"allow":["GET"]}}],"collection":[{"href":"https:\/\/conscapodistria.esteri.it\/it\/wp-json\/wp\/v2\/pages"}],"about":[{"href":"https:\/\/conscapodistria.esteri.it\/it\/wp-json\/wp\/v2\/types\/page"}],"author":[{"embeddable":true,"href":"https:\/\/conscapodistria.esteri.it\/it\/wp-json\/wp\/v2\/users\/1"}],"replies":[{"embeddable":true,"href":"https:\/\/conscapodistria.esteri.it\/it\/wp-json\/wp\/v2\/comments?post=38"}],"version-history":[{"count":3,"href":"https:\/\/conscapodistria.esteri.it\/it\/wp-json\/wp\/v2\/pages\/38\/revisions"}],"predecessor-version":[{"id":1640,"href":"https:\/\/conscapodistria.esteri.it\/it\/wp-json\/wp\/v2\/pages\/38\/revisions\/1640"}],"up":[{"embeddable":true,"href":"https:\/\/conscapodistria.esteri.it\/it\/wp-json\/wp\/v2\/pages\/13"}],"wp:attachment":[{"href":"https:\/\/conscapodistria.esteri.it\/it\/wp-json\/wp\/v2\/media?parent=38"}],"curies":[{"name":"wp","href":"https:\/\/api.w.org\/{rel}","templated":true}]}}