{"id":37,"date":"2023-04-03T19:15:59","date_gmt":"2023-04-03T17:15:59","guid":{"rendered":"https:\/\/consolatozurigo.esteri.it\/?page_id=37"},"modified":"2024-05-20T14:09:48","modified_gmt":"2024-05-20T12:09:48","slug":"contatti","status":"publish","type":"page","link":"https:\/\/conscapodistria.esteri.it\/it\/chi-siamo\/contatti\/","title":{"rendered":"Contatti"},"content":{"rendered":"<p style=\"text-align: justify;\"><strong>CONSOLATO GENERALE D&#8217;ITALIA A CAPODISTRIA<\/strong><br \/>\nBelvedere, 2<br \/>\n6000 Capodistria<br \/>\nSlovenia<\/p>\n<p style=\"text-align: justify;\">Telefono: 00386 5 6273 747<\/p>\n<p style=\"text-align: justify;\"><a href=\"mailto:consgen.capodistria@esteri.it\">consgen.capodistria@esteri.it<\/a><br \/>\ncellulare di emergenza: 00 386 64 298 224 (attivo da luned\u00ec a venerd\u00ec dalle 16.00 alle 22.00, sabato, domenica e festivi dalle 08.00 alle 22.00)<\/p>\n<p style=\"text-align: justify;\"><em>Il Consolato \u00e8 aperto al pubblico nei giorni feriali<br \/>\ndal luned\u00ec al venerd\u00ec dalle ore 9.00 alle ore 11.00<br \/>\n<\/em><strong>previo appuntamento<\/strong>, telefonando al numero 00386 5 6273 747 o inviando una e-mail a:\u00a0<a href=\"mailto:capodistria.consolare@esteri.it\">capodistria.consolare@esteri.it<\/a><\/p>\n<p style=\"text-align: justify;\">Lo sportello consolare risponde alle telefonate\u00a0dal luned\u00ec al venerd\u00ec nei seguenti orari: dalle 11.00 alle 13.00 e dalle 14.00 alle 16.00.<\/p>\n<p style=\"text-align: justify;\">Posta Elettronica Certificata:\u00a0<a href=\"mailto:con.capodistria@cert.esteri.it\">con.capodistria@cert.esteri.it<\/a> \u00a0&#8211; indirizzo abilitato esclusivamente alla ricezione di posta elettronica certificata (PEC).<\/p>\n<p style=\"text-align: justify;\">Per situazioni di grave <strong>emergenza<\/strong> (e non per informazioni di qualsiasi tipo) \u00e8 possibile contattare il numero operativo dal luned\u00ec al venerd\u00ec dalle 16.30 alle 22.00 e nei giorni festivi dalle 8.00 alle 22.00:\u00a0<strong>00386 64 298 224<\/strong>.<\/p>\n","protected":false},"excerpt":{"rendered":"CONSOLATO GENERALE D&#8217;ITALIA A CAPODISTRIA Belvedere, 2 6000 Capodistria Slovenia Telefono: 00386 5 6273 747 consgen.capodistria@esteri.it cellulare di emergenza: 00 386 64 298 224 (attivo da luned\u00ec a venerd\u00ec dalle 16.00 alle 22.00, sabato, domenica e festivi dalle 08.00 alle 22.00) Il Consolato \u00e8 aperto al pubblico nei giorni feriali dal luned\u00ec al venerd\u00ec dalle [&hellip;]","protected":false},"author":1,"featured_media":0,"parent":13,"menu_order":8,"comment_status":"closed","ping_status":"closed","template":"","meta":{"footnotes":""},"class_list":["post-37","page","type-page","status-publish","hentry"],"_links":{"self":[{"href":"https:\/\/conscapodistria.esteri.it\/it\/wp-json\/wp\/v2\/pages\/37","targetHints":{"allow":["GET"]}}],"collection":[{"href":"https:\/\/conscapodistria.esteri.it\/it\/wp-json\/wp\/v2\/pages"}],"about":[{"href":"https:\/\/conscapodistria.esteri.it\/it\/wp-json\/wp\/v2\/types\/page"}],"author":[{"embeddable":true,"href":"https:\/\/conscapodistria.esteri.it\/it\/wp-json\/wp\/v2\/users\/1"}],"replies":[{"embeddable":true,"href":"https:\/\/conscapodistria.esteri.it\/it\/wp-json\/wp\/v2\/comments?post=37"}],"version-history":[{"count":3,"href":"https:\/\/conscapodistria.esteri.it\/it\/wp-json\/wp\/v2\/pages\/37\/revisions"}],"predecessor-version":[{"id":1062,"href":"https:\/\/conscapodistria.esteri.it\/it\/wp-json\/wp\/v2\/pages\/37\/revisions\/1062"}],"up":[{"embeddable":true,"href":"https:\/\/conscapodistria.esteri.it\/it\/wp-json\/wp\/v2\/pages\/13"}],"wp:attachment":[{"href":"https:\/\/conscapodistria.esteri.it\/it\/wp-json\/wp\/v2\/media?parent=37"}],"curies":[{"name":"wp","href":"https:\/\/api.w.org\/{rel}","templated":true}]}}