{"id":35,"date":"2023-04-03T19:15:30","date_gmt":"2023-04-03T17:15:30","guid":{"rendered":"https:\/\/consolatozurigo.esteri.it\/?page_id=35"},"modified":"2024-07-04T14:32:27","modified_gmt":"2024-07-04T12:32:27","slug":"la-sede","status":"publish","type":"page","link":"https:\/\/conscapodistria.esteri.it\/it\/chi-siamo\/la-sede\/","title":{"rendered":"La Sede"},"content":{"rendered":"<p dir=\"ltr\"><strong>CONSOLATO GENERALE D&#8217;ITALIA A CAPODISTRIA<\/strong><br \/>\nBelvedere, 2<br \/>\n6000 Capodistria<br \/>\nSlovenia<\/p>\n<div class=\"corpoPagina\"><\/div>\n<div class=\"corpoPagina\">telefono: 003865 6273 747<br \/>\ne-mail:\u00a0<a href=\"mailto:consgen.capodistria@esteri.it\">consgen.capodistria@esteri.it<\/a><br \/>\ncellulare di emergenza: 00 386 64 298 224 (attivo da luned\u00ec a venerd\u00ec dalle 16.00 alle 22.00, sabato, domenica e festivi dalle 08.00 alle 22.00)<em><strong>Il Consolato \u00e8 aperto al pubblico nei giorni feriali<br \/>\ndal luned\u00ec al venerd\u00ec dalle ore 9.00 alle ore 11.00<br \/>\n<\/strong><\/em><strong>previo appuntamento<\/strong>, telefonando al numero 00386 5 6273 747 o inviando una e-mail a\u00a0<a href=\"mailto:capodistria.consolare@esteri.it\">capodistria.consolare@esteri.it<\/a><\/p>\n<\/div>\n<div class=\"corpoPagina\"><\/div>\n<div class=\"corpoPagina\">Lo sportello consolare\u00a0<strong>risponde alle telefonate<\/strong>\u00a0dal luned\u00ec al venerd\u00ec nei seguenti orari:<\/div>\n<div class=\"corpoPagina\">dalle 11.00 alle 13.00 e dalle 14.00 alle 16.00.<\/div>\n<p>Posta Elettronica Certificata:\u00a0<a href=\"mailto:con.capodistria@cert.esteri.it\">con.capodistria@cert.esteri.it<\/a>\u00a0\u00a0&#8211; indirizzo abilitato esclusivamente alla ricezione di posta elettronica certificata (PEC).<\/p>\n<p>Circoscrizione territoriale di competenza: Capodistria\/Koper, Ancarano\/Ankaran, Pirano\/Piran, Isola\/Izola, Se\u017eana, Hrpelje-Kozina, Komen, Diva\u010da, Ilirska Bistrica, Postojna, Pivka, Ajdov\u0161\u010dina, Vipava, Nova Gorica, Ren\u010de-Vogrsko, Miren-Kostanjevica, Brda, Kanal, Idrija, Cerkno, Tolmin, Kobarid, Bovec, \u0160empeter-Vrtojba.<\/p>\n<p>&nbsp;<\/p>\n<p><strong>Calendario delle festivit\u00e0 annuali osservato:<\/strong><br \/>\n1\u00b0 gennaio ~ Capodanno<br \/>\n6 gennaio ~ Epifania<br \/>\nLuned\u00ec di Pasqua<br \/>\n25 aprile ~ Anniversario della Liberazione<br \/>\n1\u00b0 maggio ~ Festa del Lavoro<br \/>\n2 giugno ~ Festa Nazionale della Repubblica<br \/>\n25 giugno ~ Festa Nazionale slovena<br \/>\n15 agosto ~ Assunzione<br \/>\n1\u00b0 novembre ~ Tutti i Santi<br \/>\n25 dicembre ~ Natale<br \/>\n26 dicembre ~ Giorno dell&#8217;indipendenza ed unit\u00e0\u00a0(festivit\u00e0 slovena)<\/p>\n","protected":false},"excerpt":{"rendered":"CONSOLATO GENERALE D&#8217;ITALIA A CAPODISTRIA Belvedere, 2 6000 Capodistria Slovenia telefono: 003865 6273 747 e-mail:\u00a0consgen.capodistria@esteri.it cellulare di emergenza: 00 386 64 298 224 (attivo da luned\u00ec a venerd\u00ec dalle 16.00 alle 22.00, sabato, domenica e festivi dalle 08.00 alle 22.00)Il Consolato \u00e8 aperto al pubblico nei giorni feriali dal luned\u00ec al venerd\u00ec dalle ore 9.00 [&hellip;]","protected":false},"author":1,"featured_media":0,"parent":13,"menu_order":2,"comment_status":"closed","ping_status":"closed","template":"","meta":{"footnotes":""},"class_list":["post-35","page","type-page","status-publish","hentry"],"_links":{"self":[{"href":"https:\/\/conscapodistria.esteri.it\/it\/wp-json\/wp\/v2\/pages\/35","targetHints":{"allow":["GET"]}}],"collection":[{"href":"https:\/\/conscapodistria.esteri.it\/it\/wp-json\/wp\/v2\/pages"}],"about":[{"href":"https:\/\/conscapodistria.esteri.it\/it\/wp-json\/wp\/v2\/types\/page"}],"author":[{"embeddable":true,"href":"https:\/\/conscapodistria.esteri.it\/it\/wp-json\/wp\/v2\/users\/1"}],"replies":[{"embeddable":true,"href":"https:\/\/conscapodistria.esteri.it\/it\/wp-json\/wp\/v2\/comments?post=35"}],"version-history":[{"count":1,"href":"https:\/\/conscapodistria.esteri.it\/it\/wp-json\/wp\/v2\/pages\/35\/revisions"}],"predecessor-version":[{"id":1138,"href":"https:\/\/conscapodistria.esteri.it\/it\/wp-json\/wp\/v2\/pages\/35\/revisions\/1138"}],"up":[{"embeddable":true,"href":"https:\/\/conscapodistria.esteri.it\/it\/wp-json\/wp\/v2\/pages\/13"}],"wp:attachment":[{"href":"https:\/\/conscapodistria.esteri.it\/it\/wp-json\/wp\/v2\/media?parent=35"}],"curies":[{"name":"wp","href":"https:\/\/api.w.org\/{rel}","templated":true}]}}