{"id":1867,"date":"2025-07-14T12:08:02","date_gmt":"2025-07-14T10:08:02","guid":{"rendered":"https:\/\/conscapodistria.esteri.it\/?page_id=1867"},"modified":"2025-08-25T11:17:16","modified_gmt":"2025-08-25T09:17:16","slug":"riconoscimento-della-cittadinanza-in-base-a-leggi-speciali","status":"publish","type":"page","link":"https:\/\/conscapodistria.esteri.it\/it\/servizi-consolari-e-visti\/servizi-per-il-cittadino-straniero\/cittadinanza\/riconoscimento-della-cittadinanza-in-base-a-leggi-speciali\/","title":{"rendered":"Riconoscimento della cittadinanza in base a leggi speciali"},"content":{"rendered":"<p style=\"text-align: justify;\">La <strong>Legge 14 dicembre 2000, n. 379 <\/strong>prevede il riconoscimento della cittadinanza italiana a favore delle persone nate e residenti nei territori dell\u2019ex Impero Austro-Ungarico e dei loro discendenti che possiedono i requisiti richiesti dalla norma. Il termine per la presentazione delle domande ai sensi della legge n. 379\/2000 \u00e8 scaduto il 19 dicembre 2010.<\/p>\n<p style=\"text-align: justify;\">La <a href=\"https:\/\/conscapodistria.esteri.it\/wp-content\/uploads\/2023\/05\/legge_124_2006.pdf\"><strong>Legge 8 marzo 2006, n. 124 <\/strong><\/a>riconosce la cittadinanza italiana a favore dei connazionali che l\u2019avevano persa in seguito alla residenza nei territori di Istria, Fiume e Dalmazia nel periodo 1940\u20131947.<\/p>\n<p style=\"text-align: center;\"><span style=\"color: #333399;\"><strong>Effetti sul regime di trasmissione della cittadinanza ai figli minori<\/strong><\/span><\/p>\n<p style=\"text-align: justify;\">Il riconoscimento della cittadinanza in base a tali leggi speciali configura un acquisto della cittadinanza <strong>per beneficio di legge<\/strong> e non <strong>per nascita<\/strong> (iure sanguinis).<\/p>\n<p style=\"text-align: justify;\">Ne consegue che il genitore riconosciuto cittadino italiano in virt\u00f9 di tali <strong>leggi non pu\u00f2 trasmettere automaticamente la cittadinanza al figlio minore tramite la dichiarazione di volont\u00e0 prevista dall\u2019articolo 4, comma 1-bis, della legge n. 91\/1992, che invece \u00e8 riservata ai genitori cittadini per nascita.<\/strong><\/p>\n<p>&nbsp;<\/p>\n<p style=\"text-align: center;\"><span style=\"color: #333399;\"><strong>Certificato di &#8220;non rinuncia&#8221;<\/strong><\/span><\/p>\n<p style=\"text-align: justify;\">Quando un cittadino straniero stabilisce la propria residenza in Italia, \u00e8 il Comune italiano competente a svolgere il ruolo di autorit\u00e0 preposta al riconoscimento della cittadinanza italiana <strong>iure sanguinis<\/strong>.<\/p>\n<p style=\"text-align: justify;\">Dopo l\u2019iscrizione al Registro della Popolazione Residente (Anagrafe), l\u2019interessato pu\u00f2 avviare la procedura per il riconoscimento della cittadinanza, la quale ha una durata massima di 180 giorni, come previsto dalla normativa vigente e dalla <a href=\"https:\/\/www.esteri.it\/mae\/normative\/Normativa_Consolare\/ServiziConsolari\/cittadinanza\/circk28_1991.pdf\">Circolare K.28.1\/1991<\/a>.<\/p>\n<p style=\"text-align: justify;\"><strong>\u00c8 imprescindibile la presenza personale dell\u2019interessato in Italia<\/strong> durante tutta la procedura: non \u00e8 ammesso farsi rappresentare da un legale o da terzi.<\/p>\n<p>&nbsp;<\/p>\n<p style=\"text-align: center;\"><span style=\"color: #333399;\"><strong>Procedura per la richiesta del Certificato di Mancata Rinuncia<\/strong><\/span><\/p>\n<p style=\"text-align: justify;\">La richiesta di emissione del <strong>Certificato di Mancata Rinuncia<\/strong> (noto anche come Certificato di \u201cNon Rinuncia\u201d) viene inoltrata <strong>dal Comune italiano direttamente al Consolato italiano competente<\/strong>, esclusivamente tramite posta elettronica certificata (PEC).<\/p>\n<p style=\"text-align: justify;\">Il Consolato risponde sempre al Comune richiedente tramite PEC e non all\u2019interessato.<\/p>\n<p style=\"text-align: justify;\"><strong>Importante: <\/strong>gli interessati non possono rivolgersi direttamente all\u2019Ufficio consolare per richiedere informazioni o aggiornamenti sulle pratiche svolte dai Comuni o da altri Uffici consolari, poich\u00e9 l\u2019evoluzione della pratica \u00e8 di esclusiva competenza dell\u2019ente che l\u2019ha avviata.<\/p>\n","protected":false},"excerpt":{"rendered":"La Legge 14 dicembre 2000, n. 379 prevede il riconoscimento della cittadinanza italiana a favore delle persone nate e residenti nei territori dell\u2019ex Impero Austro-Ungarico e dei loro discendenti che possiedono i requisiti richiesti dalla norma. Il termine per la presentazione delle domande ai sensi della legge n. 379\/2000 \u00e8 scaduto il 19 dicembre 2010. [&hellip;]","protected":false},"author":3,"featured_media":0,"parent":96,"menu_order":5,"comment_status":"closed","ping_status":"closed","template":"","meta":{"footnotes":""},"class_list":["post-1867","page","type-page","status-publish","hentry"],"_links":{"self":[{"href":"https:\/\/conscapodistria.esteri.it\/it\/wp-json\/wp\/v2\/pages\/1867","targetHints":{"allow":["GET"]}}],"collection":[{"href":"https:\/\/conscapodistria.esteri.it\/it\/wp-json\/wp\/v2\/pages"}],"about":[{"href":"https:\/\/conscapodistria.esteri.it\/it\/wp-json\/wp\/v2\/types\/page"}],"author":[{"embeddable":true,"href":"https:\/\/conscapodistria.esteri.it\/it\/wp-json\/wp\/v2\/users\/3"}],"replies":[{"embeddable":true,"href":"https:\/\/conscapodistria.esteri.it\/it\/wp-json\/wp\/v2\/comments?post=1867"}],"version-history":[{"count":2,"href":"https:\/\/conscapodistria.esteri.it\/it\/wp-json\/wp\/v2\/pages\/1867\/revisions"}],"predecessor-version":[{"id":2061,"href":"https:\/\/conscapodistria.esteri.it\/it\/wp-json\/wp\/v2\/pages\/1867\/revisions\/2061"}],"up":[{"embeddable":true,"href":"https:\/\/conscapodistria.esteri.it\/it\/wp-json\/wp\/v2\/pages\/96"}],"wp:attachment":[{"href":"https:\/\/conscapodistria.esteri.it\/it\/wp-json\/wp\/v2\/media?parent=1867"}],"curies":[{"name":"wp","href":"https:\/\/api.w.org\/{rel}","templated":true}]}}