{"id":1847,"date":"2025-07-14T11:46:22","date_gmt":"2025-07-14T09:46:22","guid":{"rendered":"https:\/\/conscapodistria.esteri.it\/?page_id=1847"},"modified":"2026-03-12T16:14:10","modified_gmt":"2026-03-12T14:14:10","slug":"cittadinanza-per-beneficio-di-legge-figli-minori","status":"publish","type":"page","link":"https:\/\/conscapodistria.esteri.it\/it\/servizi-consolari-e-visti\/servizi-per-il-cittadino-straniero\/cittadinanza\/cittadinanza-per-beneficio-di-legge-figli-minori\/","title":{"rendered":"Cittadinanza per beneficio di legge \u2013 figli minori"},"content":{"rendered":"<p>La<a href=\"https:\/\/www.normattiva.it\/atto\/caricaDettaglioAtto?atto.dataPubblicazioneGazzetta=2025-12-30&amp;atto.codiceRedazionale=25G00212&amp;atto.articolo.numero=0&amp;atto.articolo.sottoArticolo=1&amp;atto.articolo.sottoArticolo1=0&amp;qId=e0ac41c1-b667-4c08-bc5e-539c936bc165&amp;tabID=0.5707514206291698&amp;title=lbl.dettaglioAtto\"> legge di bilancio per l\u2019anno 2026<\/a> ha apportato specifiche modifiche <a href=\"https:\/\/www.normattiva.it\/atto\/caricaDettaglioAtto?atto.dataPubblicazioneGazzetta=1992-02-15&amp;atto.codiceRedazionale=092G0162&amp;atto.articolo.numero=0&amp;atto.articolo.sottoArticolo=1&amp;atto.articolo.sottoArticolo1=0&amp;qId=7db1c499-6379-4a8c-9739-f0bc9de3c2a5&amp;tabID=0.42135739846541864&amp;title=lbl.dettaglioAtto\">all\u2019articolo 4, comma 1-bis, lettera b) della Legge 5 febbraio 1992, n. 91<\/a>, che disciplina le modalit\u00e0 di acquisto della cittadinanza italiana da parte dei figli nati all\u2019estero da genitori, cittadini per nascita, che non trasmettono automaticamente la cittadinanza italiana.<\/p>\n<p>In particolare, le modifiche introdotte prevedono:<\/p>\n<p>-che <strong>le dichiarazioni rese dai genitori<\/strong> possano essere presentate <strong>entro tre anni<\/strong> (e non pi\u00f9 entro un anno) dalla nascita del minore o dalla data successiva in cui \u00e8 stabilita la filiazione, anche adottiva, da cittadino italiano;<\/p>\n<p>-la <strong>gratuit\u00e0<\/strong> di tali dichiarazioni, le quali a decorrere dal<strong> 1\u00b0 gennaio 2026<\/strong> <strong>non<\/strong> saranno pi\u00f9 soggette al pagamento del contributo di \u20ac250 previsto dall\u2019articolo 9-bis della Legge n. 91\/1992 in favore del Ministero dell\u2019Interno.<\/p>\n<p>Si informa inoltre che successivamente, con Decreto (c.d. &#8220;milleproroghe&#8221;) convertito con Legge del 27 febbraio 2026 (G.U. del 28-2-2026), \u00e8 stata disposta la<strong> proroga del termine <\/strong>per la resa delle dichiarazioni per l&#8217;acquisto della cittadinanza per beneficio di legge (prevista dall&#8217;articolo 1, comma 1-ter, del Decreto-Legge 28 marzo 2025, n. 36). Il termine originariamente previsto al 31 maggio 2026 <strong>\u00e8 stato prorogato al 31 maggio 2029.<\/strong><\/p>\n<p style=\"text-align: justify;\"><span style=\"color: #333399;\"><strong>Quadro normativo<\/strong><\/span><\/p>\n<p style=\"padding-left: 40px; text-align: justify;\"><a href=\"https:\/\/www.normattiva.it\/uri-res\/N2Ls?urn:nir:stato:legge:1992-02-05;91!vig=\">Legge n. 91\/1992, art. 4 comma 1-bis<\/a><\/p>\n<p style=\"padding-left: 40px; text-align: justify;\"><a href=\"https:\/\/www.gazzettaufficiale.it\/eli\/id\/2025\/05\/23\/25A03081\/sg\">Decreto-legge n. 36\/2025, art. 1 comma 1-ter<\/a><\/p>\n<p style=\"padding-left: 40px; text-align: justify;\"><a href=\"https:\/\/www.normattiva.it\/uri-res\/N2Ls?urn:nir:stato:legge:1992-02-05;91!vig=\">Legge n. 91\/1992, art. 15<\/a><\/p>\n<p style=\"padding-left: 40px; text-align: justify;\"><a href=\"https:\/\/www.normattiva.it\/uri-res\/N2Ls?urn:nir:stato:legge:1992-02-05;91!vig=\">Legge n. 91\/1992, art. 9-bis<\/a><\/p>\n<p style=\"text-align: justify;\"><span style=\"color: #333399;\"><strong>Caratteristiche generali<\/strong><\/span><\/p>\n<p style=\"text-align: justify;\">I figli minorenni nati all\u2019estero da genitore cittadino che <strong>non trasmette automaticamente<\/strong> la cittadinanza possono acquisirla per \u201cbeneficio di legge\u201d.\u00a0Il minore <strong>non sar\u00e0 cittadino per nascita o iure sanguinis<\/strong>, ma acquisisce la cittadinanza in un momento successivo, egli infatti non acquista la cittadinanza dal giorno della nascita, ma dal <strong>giorno successivo in cui si saranno verificate le condizioni previste dalla legge<\/strong> (art. 15 L. 91\/1992).<\/p>\n<p style=\"text-align: center;\"><span style=\"color: #333399;\"><strong>Primo caso: comma 1-bis dell\u2019art. 4 della L. 91\/1992<\/strong><\/span><\/p>\n<p style=\"text-align: justify;\"><strong>Presupposti congiunti:<\/strong><\/p>\n<ul style=\"text-align: justify;\">\n<li>uno dei genitori \u00e8 <strong>cittadino italiano per nascita<\/strong> (si escludono <em>i casi di cittadini per naturalizzazione ai sensi dell&#8217;articolo 9 della legge n. 91\/1992 o &#8220;per beneficio di legge&#8221; ai sensi dell&#8217;articolo 4 della legge n. 91\/1992 ovvero per matrimonio ai sensi dell&#8217;articolo 5 della legge n. 91\/1992 o dell&#8217;articolo 10 della legge n. 555\/1912 oppure per riacquisto ai sensi degli articoli 13 o 17 della legge n. 91\/1992 ovvero iuris communicatione (art. 14 della legge n. 91\/1992)<\/em>;<\/li>\n<li>entrambi i genitori (incluso il genitore straniero) o il tutore presentano <strong>dichiarazione formale di volont\u00e0 di acquisto della cittadinanza entro tre anni dalla nascita<\/strong> del minore (o dalla data in cui si stabilisce la filiazione o adozione da cittadino italiano durante la minore et\u00e0).<\/li>\n<\/ul>\n<p style=\"text-align: justify;\">In caso di riconoscimento della filiazione in tempi successivi da parte <strong>di genitori entrambi cittadini italiani per nascita<\/strong>, il termine di un anno decorrer\u00e0 dal primo riconoscimento (perch\u00e9 gi\u00e0 il primo riconoscimento comporta la trasmissione della cittadinanza).<\/p>\n<p style=\"text-align: justify;\">Se invece avviene prima il riconoscimento <strong>da parte di genitore straniero (o cittadino italiano non per nascita ma ad altro titolo)<\/strong><u>,<\/u> il termine di un anno sar\u00e0 computato a partire dal riconoscimento da parte del secondo genitore cittadino per nascita.<\/p>\n<p style=\"text-align: justify;\"><span style=\"color: #333399;\"><strong>Note operative<\/strong><\/span>: la dichiarazione di volont\u00e0 di acquisto deve essere formale e avvenire <strong>di persona, alla presenza di un dipendente delegato all\u2019esercizio delle funzioni di stato civile<\/strong>.<\/p>\n<p style=\"text-align: justify;\">Se i genitori non dichiarano contestualmente, il termine si considera soddisfatto al momento della dichiarazione del secondo genitore.<\/p>\n<p>Se la filiazione (anche adozione) \u00e8 stabilita verso una sola persona o se l\u2019altro genitore \u00e8 deceduto, basta la dichiarazione di un solo genitore.<\/p>\n<p>Se il minore si stabilisce in Italia con residenza legale, la dichiarazione pu\u00f2 essere fatta anche oltre il termine di 1 anno, ma la residenza deve durare almeno 2 anni continuativi dopo la dichiarazione.<\/p>\n<p style=\"text-align: center;\"><span style=\"color: #333399;\"><strong>Secondo caso: comma 1-ter art. 1 del decreto-legge n. 36\/2025<\/strong><\/span><\/p>\n<p style=\"text-align: justify;\"><strong>Condizioni cumulative:<\/strong><\/p>\n<ul style=\"text-align: justify;\">\n<li><strong>persone minorenni alla data di entrata in vigore della legge di conversione <\/strong>(non aveva compiuto 18 anni al 24 maggio 2025);<\/li>\n<li>figlio di cittadini per nascita che hanno ottenuto la cittadinanza sulla base di domanda amministrativa o giudiziale presentata entro il 27 marzo 2025 (ore 23:59 Roma), o tramite appuntamento comunicato entro la stessa data;<\/li>\n<li>dichiarazione dei genitori o del tutore deve essere presentata all\u2019ufficio consolare entro il <span style=\"color: #ff0000;\"><strong>31 maggio 2029<\/strong><\/span>. Se l\u2019interessato, minorenne alla data del 24 maggio 2025, diviene nel frattempo maggiorenne, la dichiarazione dovr\u00e0 essere presentata da lui personalmente entro il medesimo termine.<\/li>\n<\/ul>\n<p style=\"text-align: justify;\"><span style=\"color: #333399;\"><strong>Note operative<\/strong><\/span><\/p>\n<p>La dichiarazione deve essere resa <strong>presenzialmente davanti a dipendenti delegati alle funzioni di Stato Civile<\/strong> presso l\u2019Ufficio consolare.<\/p>\n<p style=\"text-align: justify;\"><strong><u>Documenti da produrre:<\/u><\/strong><\/p>\n<ul style=\"text-align: justify;\">\n<li><strong>documento d\u2019identit\u00e0 del richiedente e del minore<\/strong>;<\/li>\n<li><strong>prova di residenza nella circoscrizione consolare<\/strong>;<\/li>\n<\/ul>\n<p><strong>altra documentazione elencata nel modulo di dichiarazione pertinente (RICHIESTA DI TRASCRIZIONE DEL CERTIFICATO DI NASCITA)<\/strong>, <strong>scaricabile al seguente<\/strong> <u><a href=\"https:\/\/conscapodistria.esteri.it\/wp-content\/uploads\/2025\/12\/RICHIESTA-TRASCRIZIONE-NASCITA-PER-BENEFICIO-DI-LEGGE.pdf\"><strong><span style=\"color: #333399;\">link<\/span><\/strong><\/a><\/u>.<!--more--><\/p>\n<p style=\"text-align: justify;\"><strong><u>N.B.<\/u><\/strong><strong> Per cittadini iscritti all\u2019AIRE, il certificato di cittadinanza italiana per nascita del genitore pu\u00f2 essere sostituito da dichiarazione sostitutiva.<\/strong><\/p>\n<p style=\"text-align: justify;\"><span style=\"color: #333399;\"><strong>Contributo per l\u2019acquisto della cittadinanza (art. 9-bis L. 91\/1992)<\/strong><\/span><\/p>\n<p>A partire dal <strong>1 gennaio 2026 non<\/strong> \u00e8 pi\u00f9 previsto alcun pagamento.<\/p>\n<p style=\"text-align: justify;\"><span style=\"color: #333399;\"><strong>Rinuncia successiva<\/strong><\/span><\/p>\n<p style=\"text-align: justify;\">Una volta divenuto maggiorenne, chi ha acquistato la cittadinanza in questi modi pu\u00f2 <strong>rinunciare alla cittadinanza italiana<\/strong>, purch\u00e9 non venga cos\u00ec creato uno stato di apolidia.<\/p>\n<p style=\"text-align: right;\"><span style=\"color: #800080;\"><em>Ultimo aggiornamento: 12\/03\/2026<\/em><\/span><\/p>\n","protected":false},"excerpt":{"rendered":"La legge di bilancio per l\u2019anno 2026 ha apportato specifiche modifiche all\u2019articolo 4, comma 1-bis, lettera b) della Legge 5 febbraio 1992, n. 91, che disciplina le modalit\u00e0 di acquisto della cittadinanza italiana da parte dei figli nati all\u2019estero da genitori, cittadini per nascita, che non trasmettono automaticamente la cittadinanza italiana. In particolare, le modifiche [&hellip;]","protected":false},"author":3,"featured_media":0,"parent":96,"menu_order":1,"comment_status":"closed","ping_status":"closed","template":"","meta":{"footnotes":""},"class_list":["post-1847","page","type-page","status-publish","hentry"],"_links":{"self":[{"href":"https:\/\/conscapodistria.esteri.it\/it\/wp-json\/wp\/v2\/pages\/1847","targetHints":{"allow":["GET"]}}],"collection":[{"href":"https:\/\/conscapodistria.esteri.it\/it\/wp-json\/wp\/v2\/pages"}],"about":[{"href":"https:\/\/conscapodistria.esteri.it\/it\/wp-json\/wp\/v2\/types\/page"}],"author":[{"embeddable":true,"href":"https:\/\/conscapodistria.esteri.it\/it\/wp-json\/wp\/v2\/users\/3"}],"replies":[{"embeddable":true,"href":"https:\/\/conscapodistria.esteri.it\/it\/wp-json\/wp\/v2\/comments?post=1847"}],"version-history":[{"count":6,"href":"https:\/\/conscapodistria.esteri.it\/it\/wp-json\/wp\/v2\/pages\/1847\/revisions"}],"predecessor-version":[{"id":2550,"href":"https:\/\/conscapodistria.esteri.it\/it\/wp-json\/wp\/v2\/pages\/1847\/revisions\/2550"}],"up":[{"embeddable":true,"href":"https:\/\/conscapodistria.esteri.it\/it\/wp-json\/wp\/v2\/pages\/96"}],"wp:attachment":[{"href":"https:\/\/conscapodistria.esteri.it\/it\/wp-json\/wp\/v2\/media?parent=1847"}],"curies":[{"name":"wp","href":"https:\/\/api.w.org\/{rel}","templated":true}]}}