{"id":16,"date":"2023-04-03T18:24:11","date_gmt":"2023-04-03T16:24:11","guid":{"rendered":"https:\/\/consolatozurigo.esteri.it\/?page_id=16"},"modified":"2025-07-30T09:07:36","modified_gmt":"2025-07-30T07:07:36","slug":"servizi-consolari-e-visti","status":"publish","type":"page","link":"https:\/\/conscapodistria.esteri.it\/it\/servizi-consolari-e-visti\/","title":{"rendered":"Servizi Consolari e Visti"},"content":{"rendered":"<p style=\"text-align: justify;\">I servizi consolari sono erogati secondo principi di eguaglianza, imparzialit\u00e0, efficienza e trasparenza.<\/p>\n<p style=\"text-align: justify;\">I Consolati assicurano a tutti i connazionali tutela in caso di violazione dei loro diritti fondamentali e di limitazione o privazione della loro libert\u00e0 personale. Inoltre assicurano assistenza per i casi di emergenza, per la ricerca di familiari, per le pratiche di successione aperte all&#8217;estero e per il rimpatrio delle salme.<\/p>\n<p style=\"text-align: justify;\">Per ogni informazione riguardante la normativa consolare, si prega di visitare il sito del\u00a0<a href=\"https:\/\/www.esteri.it\/it\/servizi-consolari-e-visti\/normativa_consolare\/\">Ministero degli Affari Esteri e della Cooperazione Internazionale<\/a>.<\/p>\n<p style=\"text-align: justify;\">A partire dal\u00a0<strong>15 novembre 2021<\/strong>, i cittadini iscritti nelle anagrafi italiane (sia APR che AIRE) hanno la possibilit\u00e0 di richiedere direttamente online diversi tipi di certificati anagrafici. Il rilascio di tali certificati \u00e8 gratuito e naturalmente possibile solo a condizione di avere un\u2019identit\u00e0 digitale (CIE, Spid o CNS), dal momento che tale modalit\u00e0 \u00e8 ormai l&#8217;unica in Italia per accedere ai servizi telematici erogati dalla Pubblica Amministrazione.<\/p>\n<p style=\"text-align: justify;\">Il sito al quale \u00e8 necessario connettersi \u00e8\u00a0<a href=\"https:\/\/www.anagrafenazionale.interno.it\/servizi-al-cittadino\/\">https:\/\/www.anagrafenazionale.interno.it\/servizi-al-cittadino\/<\/a>. I certificati che si possono richiedere, per s\u00e9 oppure per i familiari conviventi anagraficamente, sono:<\/p>\n<ul style=\"text-align: justify;\">\n<li>anagrafico di nascita,<\/li>\n<li>anagrafico di matrimonio \/ unione civile,<\/li>\n<li>di Cittadinanza,<\/li>\n<li>di Esistenza in vita,<\/li>\n<li>di Residenza,<\/li>\n<li>di Residenza AIRE,<\/li>\n<li>di Stato civile,<\/li>\n<li>di Stato di famiglia,<\/li>\n<li>di Stato di famiglia e di stato civile,<\/li>\n<li>di Residenza in convivenza,<\/li>\n<li>di Stato di famiglia AIRE,<\/li>\n<li>di Stato di famiglia con rapporti di parentela,<\/li>\n<li>di Stato Libero,<\/li>\n<li>Anagrafico di Unione Civile,<\/li>\n<li>di Contratto di Convivenza.<\/li>\n<\/ul>\n<p style=\"text-align: justify;\">Il rilascio di alcuni di questi certificati riguarda anche i\u00a0<strong>cittadini residenti all&#8217;estero<\/strong>.<\/p>\n<p style=\"text-align: justify;\"><strong>Protezione dei dati personali<\/strong>: ai sensi del Regolamento Generale sulla Protezione dei Dati (UE) 2016\/679, si pubblicano le informative all&#8217;utenza in materia di\u00a0<a href=\"https:\/\/conscapodistria.esteri.it\/wp-content\/uploads\/2023\/05\/informativa_privacy_servizi_consolari.pdf\"><strong>servizi consolari<\/strong><\/a>\u00a0e pratiche di\u00a0<a href=\"https:\/\/conscapodistria.esteri.it\/wp-content\/uploads\/2023\/05\/informativa_privacy_cittadinanza.pdf\"><strong>cittadinanza<\/strong><\/a>.<\/p>\n<p style=\"text-align: justify;\">L\u2019insieme dei servizi erogati e la normativa\u00a0sono descritti dal Ministero Affari Esteri\u00a0<a class=\"\" href=\"https:\/\/www.esteri.it\/it\/servizi-consolari-e-visti\/\" data-focus-mouse=\"false\">al seguente link.<\/a><\/p>\n","protected":false},"excerpt":{"rendered":"I servizi consolari sono erogati secondo principi di eguaglianza, imparzialit\u00e0, efficienza e trasparenza. I Consolati assicurano a tutti i connazionali tutela in caso di violazione dei loro diritti fondamentali e di limitazione o privazione della loro libert\u00e0 personale. Inoltre assicurano assistenza per i casi di emergenza, per la ricerca di familiari, per le pratiche di [&hellip;]","protected":false},"author":1,"featured_media":0,"parent":0,"menu_order":6,"comment_status":"closed","ping_status":"closed","template":"","meta":{"footnotes":""},"class_list":["post-16","page","type-page","status-publish","hentry"],"_links":{"self":[{"href":"https:\/\/conscapodistria.esteri.it\/it\/wp-json\/wp\/v2\/pages\/16","targetHints":{"allow":["GET"]}}],"collection":[{"href":"https:\/\/conscapodistria.esteri.it\/it\/wp-json\/wp\/v2\/pages"}],"about":[{"href":"https:\/\/conscapodistria.esteri.it\/it\/wp-json\/wp\/v2\/types\/page"}],"author":[{"embeddable":true,"href":"https:\/\/conscapodistria.esteri.it\/it\/wp-json\/wp\/v2\/users\/1"}],"replies":[{"embeddable":true,"href":"https:\/\/conscapodistria.esteri.it\/it\/wp-json\/wp\/v2\/comments?post=16"}],"version-history":[{"count":1,"href":"https:\/\/conscapodistria.esteri.it\/it\/wp-json\/wp\/v2\/pages\/16\/revisions"}],"predecessor-version":[{"id":2023,"href":"https:\/\/conscapodistria.esteri.it\/it\/wp-json\/wp\/v2\/pages\/16\/revisions\/2023"}],"wp:attachment":[{"href":"https:\/\/conscapodistria.esteri.it\/it\/wp-json\/wp\/v2\/media?parent=16"}],"curies":[{"name":"wp","href":"https:\/\/api.w.org\/{rel}","templated":true}]}}