{"id":1188,"date":"2024-08-08T08:46:29","date_gmt":"2024-08-08T06:46:29","guid":{"rendered":"https:\/\/conscapodistria.esteri.it\/?page_id=1188"},"modified":"2025-02-24T11:51:02","modified_gmt":"2025-02-24T09:51:02","slug":"dichiarazione-di-valore","status":"publish","type":"page","link":"https:\/\/conscapodistria.esteri.it\/it\/servizi-consolari-e-visti\/servizi-per-il-cittadino-straniero\/dichiarazione-di-valore\/","title":{"rendered":"Dichiarazione di Valore"},"content":{"rendered":"<div class=\"entry-content\">\n<p style=\"text-align: justify;\">La <strong>Dichiarazione di valore<\/strong> \u00e8 un documento di natura informativa che descrive il titolo estero conseguito e fornisce ogni elemento utile per consentire, alle Autorit\u00e0 italiane competenti, una valutazione del titolo stesso ai fini del suo riconoscimento nell\u2019ordinamento italiano ai sensi della normativa vigente. La Dichiarazione di Valore non implica alcun riconoscimento, equipollenza od omologazione del titolo di studio a cui fa riferimento. \u00c8 redatta in lingua italiana e rilasciata dalle Rappresentanze Diplomatiche italiane all\u2019estero (Ambasciate \/ Consolati) competenti per zona.<\/p>\n<p style=\"text-align: justify;\">Questo Consolato Generale \u00e8 esclusivamente abilitato al rilascio di dichiarazioni di valore per i\u00a0<strong>titoli di studio conseguiti in Slovenia <\/strong><a href=\"https:\/\/conscapodistria.esteri.it\/it\/chi-siamo\/la-sede\/\"><strong>nella circoscrizione di competenza<\/strong><\/a><strong>. <\/strong><\/p>\n<p style=\"text-align: justify;\">La dichiarazione di valore pu\u00f2 essere rilasciata per i seguenti motivi:<\/p>\n<ul style=\"text-align: justify;\">\n<li>proseguimento degli studi scolatici,<\/li>\n<li>immatricolazione all\u2019universit\u00e0,<\/li>\n<li>omologazione di un titolo universitario per il proseguimento degli studi post laurea (master, dottorato\u2026),<\/li>\n<li>equipollenza del titolo di studio.<\/li>\n<\/ul>\n<p style=\"text-align: justify;\">Si ricorda che il <a href=\"https:\/\/www.cimea.it\/pagina-attestati-di-comparabilita-e-verifica-dei-titoli\">CIMEA<\/a> (Centro di Informazione sulla Mobilit\u00e0 e le Equivalenze Accademiche) offre la possibilit\u00e0 di richiedere, on line, Attestati di comparabilit\u00e0 e Verifica dei Titoli sia per i riconoscimenti accademici che per quelli non accademici.<\/p>\n<p style=\"text-align: justify;\">Ulteriori informazioni sul riconoscimento dei titoli conseguiti all\u2019estero e sugli uffici competenti per il riconoscimento sono reperibili sul sito del <a href=\"https:\/\/www.miur.gov.it\/web\/guest\/dichiarazione-di-valore\">Ministero dell\u2019Istruzione e del Merito<\/a>.<em>\u00a0<\/em><\/p>\n<p style=\"text-align: justify;\">La tariffa consolare pe il rilascio della Dichiarazione di Valora \u00e8 pari a 41,00 Euro (art. 66 T. C.). Il rilascio \u00e8 gratuito per cittadini residenti all\u2019estero, o da non cittadini, per accertati motivi di studio, di previdenza ed assistenza sociale (art. 66 D. lgs. 71\/11 lettera c).<\/p>\n<p style=\"text-align: justify;\"><a href=\"https:\/\/conscapodistria.esteri.it\/wp-content\/uploads\/2023\/08\/Dichiarazione-di-Valore.pdf\"><strong>Richiesta Dichiarazione di Valore<\/strong><\/a> alla quale si dovr\u00e0 allegare:<\/p>\n<ol style=\"text-align: justify;\">\n<li>Copia del documento d\u2019identit\u00e0.<\/li>\n<li>Copia autenticata della certificazione scolastica precedentemente apostillata (Diploma\/i conseguito\/i) \u2013 N. B. solo dopo aver apposto l\u2019Apostille del Tribunale sugli originali dei documenti di studio si potr\u00e0 passare alla fase successiva ovvero l\u2019esecuzione delle copie conformi e traduzioni. La copia autenticata pu\u00f2 essere fatta in Italia in Comune o in Slovenia all\u2019Unit\u00e0 Amministrativa (upravna enota). Se l\u2019autentica viene effettuata in Slovenia, andr\u00e0 apposta l\u2019\u201dApostille\u201d ai sensi della Convenzione dell\u2019Aia del 1961 per la firma del funzionario dell\u2019unit\u00e0 amministrativa.<\/li>\n<li>Traduzione in lingua italiana dei titoli conseguiti (e non della \u201cApostille\u201d) redatta da traduttore ufficiale; la traduzione potr\u00e0 essere fatta in Italia (traduzione asseverata in tribunale) o da un <a href=\"https:\/\/www.gov.si\/podrocja\/pravna-drzava-in-pravosodje\/pravosodni-sistem\/imenik-sodnih-tolmacev\/?MenuTitle=&amp;mesto=&amp;postavke_jezik%5B%5D=ITALIJANSKI\">traduttore ufficiale della Repubblica di Slovenia<\/a>. In quest\u2019ultimo caso la traduzione dovr\u00e0 essere apostillata dal Ministero della Giustizia (Ministrstvo za pravosodje Republike Slovenije, \u017dupan\u010di\u010deva ulica 3, 1000 Ljubljana).<\/li>\n<li>Una copia semplice della predetta documentazione.<\/li>\n<\/ol>\n<p style=\"text-align: justify;\">Per eventuali informazioni si prega di inviare una e-mail al seguente indirizzo di posta elettronica:<\/p>\n<p style=\"padding-left: 40px; text-align: justify;\">capodistria.consolare@esteri.it<\/p>\n<\/div>\n","protected":false},"excerpt":{"rendered":"La Dichiarazione di valore \u00e8 un documento di natura informativa che descrive il titolo estero conseguito e fornisce ogni elemento utile per consentire, alle Autorit\u00e0 italiane competenti, una valutazione del titolo stesso ai fini del suo riconoscimento nell\u2019ordinamento italiano ai sensi della normativa vigente. La Dichiarazione di Valore non implica alcun riconoscimento, equipollenza od omologazione [&hellip;]","protected":false},"author":3,"featured_media":0,"parent":62,"menu_order":9,"comment_status":"closed","ping_status":"closed","template":"","meta":{"footnotes":""},"class_list":["post-1188","page","type-page","status-publish","hentry"],"_links":{"self":[{"href":"https:\/\/conscapodistria.esteri.it\/it\/wp-json\/wp\/v2\/pages\/1188","targetHints":{"allow":["GET"]}}],"collection":[{"href":"https:\/\/conscapodistria.esteri.it\/it\/wp-json\/wp\/v2\/pages"}],"about":[{"href":"https:\/\/conscapodistria.esteri.it\/it\/wp-json\/wp\/v2\/types\/page"}],"author":[{"embeddable":true,"href":"https:\/\/conscapodistria.esteri.it\/it\/wp-json\/wp\/v2\/users\/3"}],"replies":[{"embeddable":true,"href":"https:\/\/conscapodistria.esteri.it\/it\/wp-json\/wp\/v2\/comments?post=1188"}],"version-history":[{"count":2,"href":"https:\/\/conscapodistria.esteri.it\/it\/wp-json\/wp\/v2\/pages\/1188\/revisions"}],"predecessor-version":[{"id":1192,"href":"https:\/\/conscapodistria.esteri.it\/it\/wp-json\/wp\/v2\/pages\/1188\/revisions\/1192"}],"up":[{"embeddable":true,"href":"https:\/\/conscapodistria.esteri.it\/it\/wp-json\/wp\/v2\/pages\/62"}],"wp:attachment":[{"href":"https:\/\/conscapodistria.esteri.it\/it\/wp-json\/wp\/v2\/media?parent=1188"}],"curies":[{"name":"wp","href":"https:\/\/api.w.org\/{rel}","templated":true}]}}