{"id":1051,"date":"2024-05-20T09:43:04","date_gmt":"2024-05-20T07:43:04","guid":{"rendered":"https:\/\/conscapodistria.esteri.it\/?page_id=1051"},"modified":"2024-05-28T11:47:52","modified_gmt":"2024-05-28T09:47:52","slug":"divieto-di-doppio-voto","status":"publish","type":"page","link":"https:\/\/conscapodistria.esteri.it\/it\/servizi-consolari-e-visti\/servizi-per-il-cittadino-italiano\/servizi-elettorali\/elezioni-per-il-parlamento-europeo-giugno-2024\/divieto-di-doppio-voto\/","title":{"rendered":"Elezioni Europee 2024 &#8211; Divieto di doppio voto"},"content":{"rendered":"<p style=\"text-align: justify;\">Si ricorda che anche in occasione delle prossime elezioni per il rinnovo del Parlamento europeo vige naturalmente l\u2019assoluto divieto di doppio voto, previsto tanto dall\u2019ordinamento comunitario quanto dalla legge italiana. In particolare non \u00e8 possibile votare sia per i candidati a membro spettanti al paese UE di residenza sia per i candidati a membro spettanti all\u2019Italia, cos\u00ec come \u00e8 da escludersi la possibilit\u00e0 di votare sia all\u2019estero, presso le sezioni elettorali costituite da codeste Sedi, sia in Italia, presso le sezioni elettorali costituite dai Comuni.<\/p>\n<p style=\"text-align: justify;\">Chi vota per i candidati a membro del Parlamento Europeo spettanti al Paese di residenza non potr\u00e0 votare anche per quelli spettanti all\u2019Italia, e viceversa.<\/p>\n<p style=\"text-align: justify;\">Chi vota per i candidati a membro del Parlamento Europeo spettanti all\u2019Italia presso le sezioni elettorali istituite all\u2019estero dagli Uffici diplomatico-consolari italiani non potr\u00e0 farlo anche presso le sezioni elettorali in Italia, e viceversa.<\/p>\n<p style=\"text-align: justify;\"><strong>Gli elettori in possesso di pi\u00f9 cittadinanze di Paesi membri dell\u2019Unione Europea possono esercitare il loro diritto di voto UNA SOLA VOLTA, a favore dei candidati a membro del Parlamento europeo spettanti a UNO SOLO degli Stati di cui sono cittadini. <\/strong>In pratica essi possono scegliere per quali candidati esprimere il proprio voto, senza necessariamente esercitare una opzione espressa, ma non possono in alcun caso votare pi\u00f9 volte, pena le sanzioni penali previste dalla legislazione di ciascun Paese<\/p>\n","protected":false},"excerpt":{"rendered":"Si ricorda che anche in occasione delle prossime elezioni per il rinnovo del Parlamento europeo vige naturalmente l\u2019assoluto divieto di doppio voto, previsto tanto dall\u2019ordinamento comunitario quanto dalla legge italiana. In particolare non \u00e8 possibile votare sia per i candidati a membro spettanti al paese UE di residenza sia per i candidati a membro spettanti [&hellip;]","protected":false},"author":3,"featured_media":0,"parent":989,"menu_order":0,"comment_status":"closed","ping_status":"closed","template":"","meta":{"footnotes":""},"class_list":["post-1051","page","type-page","status-publish","hentry"],"_links":{"self":[{"href":"https:\/\/conscapodistria.esteri.it\/it\/wp-json\/wp\/v2\/pages\/1051","targetHints":{"allow":["GET"]}}],"collection":[{"href":"https:\/\/conscapodistria.esteri.it\/it\/wp-json\/wp\/v2\/pages"}],"about":[{"href":"https:\/\/conscapodistria.esteri.it\/it\/wp-json\/wp\/v2\/types\/page"}],"author":[{"embeddable":true,"href":"https:\/\/conscapodistria.esteri.it\/it\/wp-json\/wp\/v2\/users\/3"}],"replies":[{"embeddable":true,"href":"https:\/\/conscapodistria.esteri.it\/it\/wp-json\/wp\/v2\/comments?post=1051"}],"version-history":[{"count":2,"href":"https:\/\/conscapodistria.esteri.it\/it\/wp-json\/wp\/v2\/pages\/1051\/revisions"}],"predecessor-version":[{"id":1093,"href":"https:\/\/conscapodistria.esteri.it\/it\/wp-json\/wp\/v2\/pages\/1051\/revisions\/1093"}],"up":[{"embeddable":true,"href":"https:\/\/conscapodistria.esteri.it\/it\/wp-json\/wp\/v2\/pages\/989"}],"wp:attachment":[{"href":"https:\/\/conscapodistria.esteri.it\/it\/wp-json\/wp\/v2\/media?parent=1051"}],"curies":[{"name":"wp","href":"https:\/\/api.w.org\/{rel}","templated":true}]}}