{"id":1002,"date":"2024-05-09T09:13:02","date_gmt":"2024-05-09T07:13:02","guid":{"rendered":"https:\/\/conscapodistria.esteri.it\/?page_id=1002"},"modified":"2024-05-10T09:13:52","modified_gmt":"2024-05-10T07:13:52","slug":"elezioni-europee-2024-espressione-del-voto-in-italia-per-iscritti-aire-e-residenti-temporanei","status":"publish","type":"page","link":"https:\/\/conscapodistria.esteri.it\/it\/servizi-consolari-e-visti\/servizi-per-il-cittadino-italiano\/servizi-elettorali\/elezioni-per-il-parlamento-europeo-giugno-2024\/elezioni-europee-2024-espressione-del-voto-in-italia-per-iscritti-aire-e-residenti-temporanei\/","title":{"rendered":"Elezioni Europee 2024 \u2013 Espressione del voto in Italia per iscritti AIRE e residenti temporanei"},"content":{"rendered":"<div class=\"entry-content\">\n<p class=\"x_MsoNormal\" style=\"text-align: justify;\">Ai sensi dell\u2019art. 38 della Legge 18\/1979, gli elettori residenti e iscritti all\u2019AIRE\u00a0<b>possono esprimere il voto presso la sezione elettorale del Comune italiano<\/b>\u00a0nelle cui liste sono iscritti, purch\u00e9 non abbiano optato per il voto a favore dei candidati spettanti al Paese UE di residenza, n\u00e9 abbiano gi\u00e0 espresso il proprio voto presso il Consolato Generale.<\/p>\n<p class=\"x_MsoNormal\" style=\"text-align: justify;\">Tale procedura trova applicazione\u00a0<b>anche nei confronti degli elettori temporaneamente all\u2019estero<\/b> per studio o lavoro e dei loro familiari conviventi che, pur avendo presentato richiesta per votare presso le sezioni elettorali istituite dalle autorit\u00e0 diplomatico-consolari ed essendo stati conseguentemente inseriti negli appositi elenchi, abbiano invece successivamente deciso di rientrare in Italia per il voto.<\/p>\n<p class=\"x_MsoNormal\" style=\"text-align: justify;\">Gli elettori intenzionati ad avvalersi della possibilit\u00e0 in parola, dovranno comunicarlo\u00a0<b>al Sindaco\u00a0<\/b>del Comune nelle cui liste elettorali sono iscritti<b>\u00a0entro il giorno precedente quello della votazione<\/b>.<\/p>\n<p class=\"x_MsoNormal\" style=\"text-align: justify;\">Il Sindaco dar\u00e0 atto di tale comunicazione in calce al certificato elettorale spedito dal Ministero dell\u2019Interno all\u2019indirizzo di residenza estero. Pertanto,\u00a0<b>l\u2019elettore dev\u2019essere in possesso del proprio certificato elettorale<\/b>.<\/p>\n<p class=\"x_MsoNormal\" style=\"text-align: justify;\">Gli elettori che, entro il 4 giugno 2024, non avranno ricevuto al proprio domicilio il certificato elettorale, potranno richiederne un duplicato scrivendo a: <a href=\"mailto:capodistria.consolare@esteri.it\" target=\"_blank\" rel=\"noopener noreferrer\">capodistria.consolare@esteri.it<\/a>.<\/p>\n<\/div>\n","protected":false},"excerpt":{"rendered":"Ai sensi dell\u2019art. 38 della Legge 18\/1979, gli elettori residenti e iscritti all\u2019AIRE\u00a0possono esprimere il voto presso la sezione elettorale del Comune italiano\u00a0nelle cui liste sono iscritti, purch\u00e9 non abbiano optato per il voto a favore dei candidati spettanti al Paese UE di residenza, n\u00e9 abbiano gi\u00e0 espresso il proprio voto presso il Consolato Generale. [&hellip;]","protected":false},"author":3,"featured_media":0,"parent":989,"menu_order":0,"comment_status":"closed","ping_status":"closed","template":"","meta":{"footnotes":""},"class_list":["post-1002","page","type-page","status-publish","hentry"],"_links":{"self":[{"href":"https:\/\/conscapodistria.esteri.it\/it\/wp-json\/wp\/v2\/pages\/1002","targetHints":{"allow":["GET"]}}],"collection":[{"href":"https:\/\/conscapodistria.esteri.it\/it\/wp-json\/wp\/v2\/pages"}],"about":[{"href":"https:\/\/conscapodistria.esteri.it\/it\/wp-json\/wp\/v2\/types\/page"}],"author":[{"embeddable":true,"href":"https:\/\/conscapodistria.esteri.it\/it\/wp-json\/wp\/v2\/users\/3"}],"replies":[{"embeddable":true,"href":"https:\/\/conscapodistria.esteri.it\/it\/wp-json\/wp\/v2\/comments?post=1002"}],"version-history":[{"count":2,"href":"https:\/\/conscapodistria.esteri.it\/it\/wp-json\/wp\/v2\/pages\/1002\/revisions"}],"predecessor-version":[{"id":1004,"href":"https:\/\/conscapodistria.esteri.it\/it\/wp-json\/wp\/v2\/pages\/1002\/revisions\/1004"}],"up":[{"embeddable":true,"href":"https:\/\/conscapodistria.esteri.it\/it\/wp-json\/wp\/v2\/pages\/989"}],"wp:attachment":[{"href":"https:\/\/conscapodistria.esteri.it\/it\/wp-json\/wp\/v2\/media?parent=1002"}],"curies":[{"name":"wp","href":"https:\/\/api.w.org\/{rel}","templated":true}]}}